{"id":143,"date":"2020-10-10T17:49:30","date_gmt":"2020-10-10T16:49:30","guid":{"rendered":"http:\/\/www.fordingtons.co.uk\/?page_id=143"},"modified":"2020-11-12T22:02:11","modified_gmt":"2020-11-12T21:02:11","slug":"acceuil-francaise","status":"publish","type":"page","link":"https:\/\/www.fordingtons.co.uk\/index.php\/acceuil-francaise\/","title":{"rendered":"Acceuil Francaise"},"content":{"rendered":"\n<figure class=\"wp-block-image size-large is-resized\"><img loading=\"lazy\" decoding=\"async\" src=\"http:\/\/www.fordingtons.co.uk\/wp-content\/uploads\/2020\/10\/French-1.png\" alt=\"\" class=\"wp-image-224\" width=\"147\" height=\"147\" srcset=\"https:\/\/www.fordingtons.co.uk\/wp-content\/uploads\/2020\/10\/French-1.png 800w, https:\/\/www.fordingtons.co.uk\/wp-content\/uploads\/2020\/10\/French-1-300x300.png 300w, https:\/\/www.fordingtons.co.uk\/wp-content\/uploads\/2020\/10\/French-1-150x150.png 150w, https:\/\/www.fordingtons.co.uk\/wp-content\/uploads\/2020\/10\/French-1-768x768.png 768w\" sizes=\"auto, (max-width: 147px) 100vw, 147px\" \/><figcaption>Francaise<\/figcaption><\/figure>\n\n\n\n<p><strong>Bienvenue chez Fordington&#8217;s<\/strong><sup>TM<\/sup>&nbsp;&#8211; la maison des insignes officiels de dipl\u00f4me honorifiques de Fordington.&nbsp;Pour les dipl\u00f4m\u00e9s de toutes les universit\u00e9s reconnues dans le monde.&nbsp;La norme internationale.<\/p>\n\n\n\n<figure class=\"wp-block-image is-resized\"><img loading=\"lazy\" decoding=\"async\" src=\"http:\/\/www.fordingtons.co.uk\/wp-content\/uploads\/2020\/10\/Congregation-1.jpg\" alt=\"\" class=\"wp-image-52\" width=\"258\" height=\"103\" srcset=\"https:\/\/www.fordingtons.co.uk\/wp-content\/uploads\/2020\/10\/Congregation-1.jpg 356w, https:\/\/www.fordingtons.co.uk\/wp-content\/uploads\/2020\/10\/Congregation-1-300x120.jpg 300w\" sizes=\"auto, (max-width: 258px) 100vw, 258px\" \/><\/figure>\n\n\n\n<figure class=\"wp-block-image\"><a href=\"https:\/\/www.ebay.co.uk\/itm\/Fordingtons-Special-graduation-period-price\/173969831632\"><img loading=\"lazy\" decoding=\"async\" width=\"115\" height=\"189\" src=\"http:\/\/www.fordingtons.co.uk\/wp-content\/uploads\/2019\/08\/insignia_sml.jpg\" alt=\"\" class=\"wp-image-21\"\/><\/a><figcaption><a href=\"https:\/\/www.ebay.co.uk\/itm\/Fordingtons-Special-graduation-period-price\/173969831632\"><\/a><\/figcaption><\/figure>\n\n\n\n<p>Avez-vous renonc\u00e9 \u00e0 trouver le cadeau de fin d&#8217;\u00e9tudes parfait?&nbsp;&#8211; Vous voulez probablement offrir un cadeau de fin d&#8217;\u00e9tudes plein de sens et d&#8217;importance \u00e0 quelqu&#8217;un de sp\u00e9cial &#8211; Le joyau officiel du dipl\u00f4me sp\u00e9cialis\u00e9 de Fordington<sup>TM<\/sup> &#8211; Une appr\u00e9ciation finie \u00e0 la main des r\u00e9alisations am\u00e9lior\u00e9es d&#8217;un dipl\u00f4m\u00e9 au niveau du dipl\u00f4me.<\/p>\n\n\n\n<figure class=\"wp-block-image is-resized\"><img loading=\"lazy\" decoding=\"async\" src=\"http:\/\/www.fordingtons.co.uk\/wp-content\/uploads\/2020\/10\/IMAG0007-Premium-3-open-with-mortar-board-1024x760.jpg\" alt=\"\" class=\"wp-image-43\" width=\"364\" height=\"270\" srcset=\"https:\/\/www.fordingtons.co.uk\/wp-content\/uploads\/2020\/10\/IMAG0007-Premium-3-open-with-mortar-board-1024x760.jpg 1024w, https:\/\/www.fordingtons.co.uk\/wp-content\/uploads\/2020\/10\/IMAG0007-Premium-3-open-with-mortar-board-300x223.jpg 300w, https:\/\/www.fordingtons.co.uk\/wp-content\/uploads\/2020\/10\/IMAG0007-Premium-3-open-with-mortar-board-768x570.jpg 768w, https:\/\/www.fordingtons.co.uk\/wp-content\/uploads\/2020\/10\/IMAG0007-Premium-3-open-with-mortar-board-1536x1140.jpg 1536w, https:\/\/www.fordingtons.co.uk\/wp-content\/uploads\/2020\/10\/IMAG0007-Premium-3-open-with-mortar-board.jpg 1641w\" sizes=\"auto, (max-width: 364px) 100vw, 364px\" \/><\/figure>\n\n\n\n<figure class=\"wp-block-image is-resized\"><img loading=\"lazy\" decoding=\"async\" src=\"http:\/\/www.fordingtons.co.uk\/wp-content\/uploads\/2020\/10\/Astn-Academics-1-1024x718.jpg\" alt=\"\" class=\"wp-image-128\" width=\"362\" height=\"253\" srcset=\"https:\/\/www.fordingtons.co.uk\/wp-content\/uploads\/2020\/10\/Astn-Academics-1-1024x718.jpg 1024w, https:\/\/www.fordingtons.co.uk\/wp-content\/uploads\/2020\/10\/Astn-Academics-1-300x210.jpg 300w, https:\/\/www.fordingtons.co.uk\/wp-content\/uploads\/2020\/10\/Astn-Academics-1-768x538.jpg 768w, https:\/\/www.fordingtons.co.uk\/wp-content\/uploads\/2020\/10\/Astn-Academics-1-1536x1076.jpg 1536w, https:\/\/www.fordingtons.co.uk\/wp-content\/uploads\/2020\/10\/Astn-Academics-1.jpg 1567w\" sizes=\"auto, (max-width: 362px) 100vw, 362px\" \/><\/figure>\n\n\n\n<p>La tradition des dipl\u00f4mes d\u00e9cern\u00e9s \u00abavec distinction\u00bb a ces jours-ci \u00e9t\u00e9 \u00e9tendue au-del\u00e0 du Royaume-Uni \u00e0 de nombreuses autres institutions d\u00e9livrant des dipl\u00f4mes dans le monde.&nbsp;Tout dipl\u00f4me accord\u00e9 au-dessus d&#8217;un Pass officiel (tel qu&#8217;un dipl\u00f4me de premi\u00e8re classe ou un 2: 1 ou 2: 2) a traditionnellement conf\u00e9r\u00e9 des honneurs.<\/p>\n\n\n\n<figure class=\"wp-block-image is-resized\"><img loading=\"lazy\" decoding=\"async\" src=\"http:\/\/www.fordingtons.co.uk\/wp-content\/uploads\/2020\/10\/QE-II.jpg\" alt=\"\" class=\"wp-image-102\" width=\"193\" height=\"145\" srcset=\"https:\/\/www.fordingtons.co.uk\/wp-content\/uploads\/2020\/10\/QE-II.jpg 640w, https:\/\/www.fordingtons.co.uk\/wp-content\/uploads\/2020\/10\/QE-II-300x225.jpg 300w\" sizes=\"auto, (max-width: 193px) 100vw, 193px\" \/><\/figure>\n\n\n\n<p>Au Royaume-Uni et dans certains autres royaumes du Commonwealth, les universit\u00e9s tirent leur pouvoir de d\u00e9cerner des dipl\u00f4mes et &#8211; avec distinction, de la Couronne, via leurs chartes royales.&nbsp;Dans d&#8217;autres pays, une autorit\u00e9 similaire d\u00e9coule de leurs propres r\u00e9glementations statutaires.&nbsp;\u00c0 ce jour, la Couronne reste la police de tous les honneurs au sein des royaumes de Sa Majest\u00e9 la reine Elizabeth II, de sorte que l&#8217;octroi de tous les honneurs rel\u00e8ve techniquement de l&#8217;autorit\u00e9 de la Couronne.<\/p>\n\n\n\n<figure class=\"wp-block-image\"><img loading=\"lazy\" decoding=\"async\" width=\"252\" height=\"144\" src=\"http:\/\/www.fordingtons.co.uk\/wp-content\/uploads\/2020\/10\/Cambridge-2.jpg\" alt=\"\" class=\"wp-image-109\"\/><figcaption>L&#8217;universit\u00e9 de Cambridge<\/figcaption><\/figure>\n\n\n\n<p>L&#8217;acquisition d&#8217;un joyau officiel du dipl\u00f4me honorifique de Fordington<sup>TM<\/sup> s&#8217;inscrit dans cette tradition particuli\u00e8re &#8211; repr\u00e9sentant les niveaux de r\u00e9ussite les plus \u00e9lev\u00e9s au niveau du dipl\u00f4me.<\/p>\n\n\n\n<figure class=\"wp-block-image\"><img loading=\"lazy\" decoding=\"async\" width=\"202\" height=\"143\" src=\"http:\/\/www.fordingtons.co.uk\/wp-content\/uploads\/2020\/10\/Yale-2.jpg\" alt=\"\" class=\"wp-image-110\"\/><figcaption>Universit\u00e9 de Yale<\/figcaption><\/figure>\n\n\n\n<p>Votre bijou avec distinction restera le v\u00f4tre pour toute une vie, m\u00eame apr\u00e8s le d\u00e9c\u00e8s de la location de la casquette et de la robe le jour de la remise des dipl\u00f4mes.<\/p>\n\n\n\n<p>Votre bijou avec distinction peut \u00eatre port\u00e9 lors de futures occasions formelles lors de la participation \u00e0 des \u00e9v\u00e9nements o\u00f9 des d\u00e9corations sont demand\u00e9es, ou m\u00eame pendant votre bal de fin d&#8217;\u00e9tudes.&nbsp;Cependant, votre bijou avec distinction est \u00e9galement livr\u00e9 avec un insert de personnalisation et un \u00e9tui formel \u00e0 des fins de pr\u00e9sentation lorsqu&#8217;il n&#8217;est pas port\u00e9.&nbsp;En r\u00e8gle g\u00e9n\u00e9rale, votre coffret de pr\u00e9sentation avec son bijou de dipl\u00f4me honorifique reposant \u00e0 l&#8217;int\u00e9rieur sera affich\u00e9 \u00e0 c\u00f4t\u00e9 de votre certificat de dipl\u00f4me ou de votre photo de fin d&#8217;\u00e9tudes.<\/p>\n\n\n\n<figure class=\"wp-block-image is-resized\"><img loading=\"lazy\" decoding=\"async\" src=\"http:\/\/www.fordingtons.co.uk\/wp-content\/uploads\/2020\/10\/Colleage-on-display-650x1024.jpg\" alt=\"This image has an empty alt attribute; its file name is Colleage-on-display-650x1024.jpg\" width=\"181\" height=\"284\"\/><\/figure>\n\n\n\n<p><\/p>\n","protected":false},"excerpt":{"rendered":"<p>Bienvenue chez Fordington&#8217;sTM&nbsp;&#8211; la maison des insignes officiels de dipl\u00f4me honorifiques de Fordington.&nbsp;Pour les dipl\u00f4m\u00e9s [&hellip;]<\/p>\n","protected":false},"author":4,"featured_media":0,"parent":0,"menu_order":0,"comment_status":"closed","ping_status":"closed","template":"","meta":{"footnotes":""},"class_list":["post-143","page","type-page","status-publish","hentry"],"_links":{"self":[{"href":"https:\/\/www.fordingtons.co.uk\/index.php\/wp-json\/wp\/v2\/pages\/143","targetHints":{"allow":["GET"]}}],"collection":[{"href":"https:\/\/www.fordingtons.co.uk\/index.php\/wp-json\/wp\/v2\/pages"}],"about":[{"href":"https:\/\/www.fordingtons.co.uk\/index.php\/wp-json\/wp\/v2\/types\/page"}],"author":[{"embeddable":true,"href":"https:\/\/www.fordingtons.co.uk\/index.php\/wp-json\/wp\/v2\/users\/4"}],"replies":[{"embeddable":true,"href":"https:\/\/www.fordingtons.co.uk\/index.php\/wp-json\/wp\/v2\/comments?post=143"}],"version-history":[{"count":8,"href":"https:\/\/www.fordingtons.co.uk\/index.php\/wp-json\/wp\/v2\/pages\/143\/revisions"}],"predecessor-version":[{"id":284,"href":"https:\/\/www.fordingtons.co.uk\/index.php\/wp-json\/wp\/v2\/pages\/143\/revisions\/284"}],"wp:attachment":[{"href":"https:\/\/www.fordingtons.co.uk\/index.php\/wp-json\/wp\/v2\/media?parent=143"}],"curies":[{"name":"wp","href":"https:\/\/api.w.org\/{rel}","templated":true}]}}