{"id":157,"date":"2020-10-11T22:49:12","date_gmt":"2020-10-11T21:49:12","guid":{"rendered":"http:\/\/www.fordingtons.co.uk\/?page_id=157"},"modified":"2020-11-12T22:05:42","modified_gmt":"2020-11-12T21:05:42","slug":"nous-contacter-francaise","status":"publish","type":"page","link":"https:\/\/www.fordingtons.co.uk\/index.php\/nous-contacter-francaise\/","title":{"rendered":"Nous Contacter Francaise"},"content":{"rendered":"\n<figure class=\"wp-block-image is-resized\"><img loading=\"lazy\" decoding=\"async\" src=\"http:\/\/www.fordingtons.co.uk\/wp-content\/uploads\/2020\/10\/IMAG0048-Premium-one-plus-two-closed-760x1024.jpg\" alt=\"\" class=\"wp-image-45\" width=\"471\" height=\"634\" srcset=\"https:\/\/www.fordingtons.co.uk\/wp-content\/uploads\/2020\/10\/IMAG0048-Premium-one-plus-two-closed-760x1024.jpg 760w, https:\/\/www.fordingtons.co.uk\/wp-content\/uploads\/2020\/10\/IMAG0048-Premium-one-plus-two-closed-223x300.jpg 223w, https:\/\/www.fordingtons.co.uk\/wp-content\/uploads\/2020\/10\/IMAG0048-Premium-one-plus-two-closed-768x1035.jpg 768w, https:\/\/www.fordingtons.co.uk\/wp-content\/uploads\/2020\/10\/IMAG0048-Premium-one-plus-two-closed-1140x1536.jpg 1140w, https:\/\/www.fordingtons.co.uk\/wp-content\/uploads\/2020\/10\/IMAG0048-Premium-one-plus-two-closed.jpg 1218w\" sizes=\"auto, (max-width: 471px) 100vw, 471px\" \/><\/figure>\n\n\n\n<p>Que vous ayez d\u00e9j\u00e0 obtenu votre dipl\u00f4me ou que vous connaissiez peut-\u00eatre quelqu&#8217;un de sp\u00e9cial qui obtiendra son dipl\u00f4me et qui verra son dipl\u00f4me d\u00e9cern\u00e9 avec distinction (plus qu&#8217;un Pass ordinaire au niveau du dipl\u00f4me) &#8211; c\u00e9l\u00e9brez ce niveau plus fin et plus \u00e9lev\u00e9 avec le joyau officiel de l&#8217;insigne du dipl\u00f4me honorifique de Fordington<sup>TM<\/sup>.<\/p>\n\n\n\n<p>Si vous cherchez \u00e0 offrir un cadeau de fin d&#8217;\u00e9tudes plein de sens, une appr\u00e9ciation des plus belles r\u00e9alisations d&#8217;un dipl\u00f4m\u00e9 au niveau du dipl\u00f4me &#8211; le bijou de dipl\u00f4me honorifique individuellement fini \u00e0 la main de Fordington<sup>TM<\/sup> est le cadeau parfait et de qualit\u00e9.<\/p>\n\n\n\n<p>Toutes les demandes doivent \u00eatre adress\u00e9es \u00e0:<\/p>\n\n\n\n<p>Fordingtons@outlook.com<\/p>\n\n\n\n<p>Les achats peuvent \u00eatre effectu\u00e9s facilement avec Paypal via ce site Web en cliquant sur le lien \u00abAcheter maintenant\u00bb appropri\u00e9.<\/p>\n\n\n\n<figure class=\"wp-block-image is-resized\"><img loading=\"lazy\" decoding=\"async\" src=\"http:\/\/www.fordingtons.co.uk\/wp-content\/uploads\/2020\/10\/IMG-20191110-WA0004-760x1024.jpg\" alt=\"\" class=\"wp-image-72\" width=\"410\" height=\"552\" srcset=\"https:\/\/www.fordingtons.co.uk\/wp-content\/uploads\/2020\/10\/IMG-20191110-WA0004-760x1024.jpg 760w, https:\/\/www.fordingtons.co.uk\/wp-content\/uploads\/2020\/10\/IMG-20191110-WA0004-223x300.jpg 223w, https:\/\/www.fordingtons.co.uk\/wp-content\/uploads\/2020\/10\/IMG-20191110-WA0004-768x1035.jpg 768w, https:\/\/www.fordingtons.co.uk\/wp-content\/uploads\/2020\/10\/IMG-20191110-WA0004-1140x1536.jpg 1140w, https:\/\/www.fordingtons.co.uk\/wp-content\/uploads\/2020\/10\/IMG-20191110-WA0004.jpg 1187w\" sizes=\"auto, (max-width: 410px) 100vw, 410px\" \/><\/figure>\n","protected":false},"excerpt":{"rendered":"<p>Que vous ayez d\u00e9j\u00e0 obtenu votre dipl\u00f4me ou que vous connaissiez peut-\u00eatre quelqu&#8217;un de sp\u00e9cial [&hellip;]<\/p>\n","protected":false},"author":4,"featured_media":0,"parent":0,"menu_order":0,"comment_status":"closed","ping_status":"closed","template":"","meta":{"footnotes":""},"class_list":["post-157","page","type-page","status-publish","hentry"],"_links":{"self":[{"href":"https:\/\/www.fordingtons.co.uk\/index.php\/wp-json\/wp\/v2\/pages\/157","targetHints":{"allow":["GET"]}}],"collection":[{"href":"https:\/\/www.fordingtons.co.uk\/index.php\/wp-json\/wp\/v2\/pages"}],"about":[{"href":"https:\/\/www.fordingtons.co.uk\/index.php\/wp-json\/wp\/v2\/types\/page"}],"author":[{"embeddable":true,"href":"https:\/\/www.fordingtons.co.uk\/index.php\/wp-json\/wp\/v2\/users\/4"}],"replies":[{"embeddable":true,"href":"https:\/\/www.fordingtons.co.uk\/index.php\/wp-json\/wp\/v2\/comments?post=157"}],"version-history":[{"count":6,"href":"https:\/\/www.fordingtons.co.uk\/index.php\/wp-json\/wp\/v2\/pages\/157\/revisions"}],"predecessor-version":[{"id":250,"href":"https:\/\/www.fordingtons.co.uk\/index.php\/wp-json\/wp\/v2\/pages\/157\/revisions\/250"}],"wp:attachment":[{"href":"https:\/\/www.fordingtons.co.uk\/index.php\/wp-json\/wp\/v2\/media?parent=157"}],"curies":[{"name":"wp","href":"https:\/\/api.w.org\/{rel}","templated":true}]}}