{"id":159,"date":"2020-10-11T22:36:45","date_gmt":"2020-10-11T21:36:45","guid":{"rendered":"http:\/\/www.fordingtons.co.uk\/?page_id=159"},"modified":"2020-11-13T10:11:19","modified_gmt":"2020-11-13T09:11:19","slug":"des-produits-francaise","status":"publish","type":"page","link":"https:\/\/www.fordingtons.co.uk\/index.php\/des-produits-francaise\/","title":{"rendered":"Des Produits Francaise"},"content":{"rendered":"\n<h1 class=\"wp-block-heading\">Des Produits<\/h1>\n\n\n\n<figure class=\"wp-block-image is-resized\"><img loading=\"lazy\" decoding=\"async\" src=\"http:\/\/www.fordingtons.co.uk\/wp-content\/uploads\/2020\/10\/IMG-20191011-WA0001-2-767x1024.jpg\" alt=\"\" class=\"wp-image-69\" width=\"387\" height=\"516\" srcset=\"https:\/\/www.fordingtons.co.uk\/wp-content\/uploads\/2020\/10\/IMG-20191011-WA0001-2-767x1024.jpg 767w, https:\/\/www.fordingtons.co.uk\/wp-content\/uploads\/2020\/10\/IMG-20191011-WA0001-2-225x300.jpg 225w, https:\/\/www.fordingtons.co.uk\/wp-content\/uploads\/2020\/10\/IMG-20191011-WA0001-2-768x1025.jpg 768w, https:\/\/www.fordingtons.co.uk\/wp-content\/uploads\/2020\/10\/IMG-20191011-WA0001-2.jpg 1102w\" sizes=\"auto, (max-width: 387px) 100vw, 387px\" \/><\/figure>\n\n\n\n<h2 class=\"wp-block-heading\">La description<\/h2>\n\n\n\n<p>Le bijou du dipl\u00f4me honorifique de Fordington<sup>TM<\/sup> est une magnifique m\u00e9daille peinte en \u00e9mail.&nbsp;Incrust\u00e9 d&#8217;une inscription latine, chaque bijou d\u00e9crit le parcours des dipl\u00f4m\u00e9s qui a abouti \u00e0 l&#8217;obtention d&#8217;un dipl\u00f4me avec la distinction des honneurs.<\/p>\n\n\n\n<p>La conception de la m\u00e9daille de Honours Jewel<sup>TM<\/sup> pr\u00e9sente une repr\u00e9sentation des points cardinaux d&#8217;une boussole &#8211; peinte en \u00e9mail blanc, symbolisant la puret\u00e9 de la connaissance et la recherche de la v\u00e9rit\u00e9.&nbsp;Les points cardinaux eux-m\u00eames repr\u00e9sentent la capacit\u00e9 du b\u00e9n\u00e9ficiaire \u00e0 naviguer de mani\u00e8re autonome et d\u00e9lib\u00e9r\u00e9e dans ses choix de vie et de carri\u00e8re, apr\u00e8s avoir obtenu son dipl\u00f4me universitaire.&nbsp;Intercal\u00e9s sont les plus petits points cardinaux rouges, symbolisant la passion, l&#8217;\u00e9nergie et la motivation.<\/p>\n\n\n\n<p>Entre tous les points, il y a une fleur de lis en or repr\u00e9sentant la puret\u00e9, l&#8217;humanit\u00e9 et le d\u00e9vouement \u00e0 sa vocation.&nbsp;L&#8217;\u00e9cu de Fordington<sup>TM<\/sup> au centre de la m\u00e9daille t\u00e9moigne de l&#8217;authenticit\u00e9 et de l&#8217;originalit\u00e9 de la provenance du bijou.&nbsp;Les inscriptions latines sont en outre stylis\u00e9es avec une capitalisation repr\u00e9sentant la richesse des facult\u00e9s auxquelles les insignes se r\u00e9f\u00e8rent au niveau du dipl\u00f4me, avec une d\u00e9limitation suppl\u00e9mentaire en bas signifiant l&#8217;attribution des distinctions elles-m\u00eames.<\/p>\n\n\n\n<figure class=\"wp-block-image\"><img loading=\"lazy\" decoding=\"async\" width=\"254\" height=\"153\" src=\"http:\/\/www.fordingtons.co.uk\/wp-content\/uploads\/2020\/10\/Oxford-2.jpg\" alt=\"\" class=\"wp-image-104\"\/><figcaption>Universit\u00e9 d&#8217;Oxford<\/figcaption><\/figure>\n\n\n\n<figure class=\"wp-block-image is-resized\"><img loading=\"lazy\" decoding=\"async\" src=\"http:\/\/www.fordingtons.co.uk\/wp-content\/uploads\/2020\/10\/Harvard-2-1024x515.jpg\" alt=\"\" class=\"wp-image-106\" width=\"268\" height=\"134\" srcset=\"https:\/\/www.fordingtons.co.uk\/wp-content\/uploads\/2020\/10\/Harvard-2-1024x515.jpg 1024w, https:\/\/www.fordingtons.co.uk\/wp-content\/uploads\/2020\/10\/Harvard-2-300x151.jpg 300w, https:\/\/www.fordingtons.co.uk\/wp-content\/uploads\/2020\/10\/Harvard-2-768x386.jpg 768w, https:\/\/www.fordingtons.co.uk\/wp-content\/uploads\/2020\/10\/Harvard-2.jpg 1116w\" sizes=\"auto, (max-width: 268px) 100vw, 268px\" \/><figcaption>Universit\u00e9 de Harvard<\/figcaption><\/figure>\n\n\n\n<p>Le ruban du bijou repr\u00e9sente les couleurs principales traditionnelles encore souvent utilis\u00e9es par les universit\u00e9s les plus traditionnelles.<\/p>\n\n\n\n<h2 class=\"wp-block-heading\">Choix<\/h2>\n\n\n\n<p>Fordington<sup>TM<\/sup> offre un choix de vitrines de pr\u00e9sentation pour l&#8217;affichage de son bijou d&#8217;insigne de dipl\u00f4me.&nbsp;Le coffret de pr\u00e9sentation est con\u00e7u pour afficher votre bijou de dipl\u00f4me lorsqu&#8217;il n&#8217;est pas port\u00e9.&nbsp;Chaque bijou est livr\u00e9 avec une carte de personnalisation et votre choix de coffret de pr\u00e9sentation.<\/p>\n\n\n\n<h2 class=\"wp-block-heading\">Les options du coffret de pr\u00e9sentation de votre Fordington<sup>TM<\/sup>:<\/h2>\n\n\n\n<ol class=\"wp-block-list\"><li>De base 15 \u00a3 (y compris les frais de s\u00e9jour)<\/li><li>Standard 20 \u00a3 (y compris les frais de port)<\/li><li>Premium 28 \u00a3 (y compris p &amp; p)<\/li><\/ol>\n\n\n\n<h2 class=\"wp-block-heading\">De base<\/h2>\n\n\n\n<figure class=\"wp-block-image is-resized\"><img loading=\"lazy\" decoding=\"async\" src=\"http:\/\/www.fordingtons.co.uk\/wp-content\/uploads\/2020\/10\/IMAG0123-Basic-Case-760x1024.jpg\" alt=\"\" class=\"wp-image-38\" width=\"306\" height=\"411\" srcset=\"https:\/\/www.fordingtons.co.uk\/wp-content\/uploads\/2020\/10\/IMAG0123-Basic-Case-760x1024.jpg 760w, https:\/\/www.fordingtons.co.uk\/wp-content\/uploads\/2020\/10\/IMAG0123-Basic-Case-223x300.jpg 223w, https:\/\/www.fordingtons.co.uk\/wp-content\/uploads\/2020\/10\/IMAG0123-Basic-Case-768x1035.jpg 768w, https:\/\/www.fordingtons.co.uk\/wp-content\/uploads\/2020\/10\/IMAG0123-Basic-Case-1140x1536.jpg 1140w, https:\/\/www.fordingtons.co.uk\/wp-content\/uploads\/2020\/10\/IMAG0123-Basic-Case.jpg 1218w\" sizes=\"auto, (max-width: 306px) 100vw, 306px\" \/><\/figure>\n\n\n\n<p>La version Basic est une bo\u00eete \u00e0 cartes noire bord\u00e9e d&#8217;un tampon en velours noir sur lequel repose le bijou et la carte de personnalisation plac\u00e9e dans le couvercle.<\/p>\n\n\n\n<figure class=\"wp-block-image\"><a href=\"https:\/\/www.ebay.co.uk\/itm\/Fordingtons-Graduation-Gift-Degree-Honours-Jewel-Medal\/174480824799\"><img loading=\"lazy\" decoding=\"async\" width=\"95\" height=\"60\" src=\"http:\/\/www.fordingtons.co.uk\/wp-content\/uploads\/2020\/10\/Buy-Now-Basic-15-White.png\" alt=\"\" class=\"wp-image-122\"\/><\/a><\/figure>\n\n\n\n<h2 class=\"wp-block-heading\">la norme<\/h2>\n\n\n\n<figure class=\"wp-block-image is-resized\"><img loading=\"lazy\" decoding=\"async\" src=\"http:\/\/www.fordingtons.co.uk\/wp-content\/uploads\/2020\/10\/IMAG0126-Standard-Case-760x1024.jpg\" alt=\"\" class=\"wp-image-39\" width=\"346\" height=\"465\" srcset=\"https:\/\/www.fordingtons.co.uk\/wp-content\/uploads\/2020\/10\/IMAG0126-Standard-Case-760x1024.jpg 760w, https:\/\/www.fordingtons.co.uk\/wp-content\/uploads\/2020\/10\/IMAG0126-Standard-Case-223x300.jpg 223w, https:\/\/www.fordingtons.co.uk\/wp-content\/uploads\/2020\/10\/IMAG0126-Standard-Case-768x1035.jpg 768w, https:\/\/www.fordingtons.co.uk\/wp-content\/uploads\/2020\/10\/IMAG0126-Standard-Case-1140x1536.jpg 1140w, https:\/\/www.fordingtons.co.uk\/wp-content\/uploads\/2020\/10\/IMAG0126-Standard-Case.jpg 1218w\" sizes=\"auto, (max-width: 346px) 100vw, 346px\" \/><\/figure>\n\n\n\n<p>Le coffret de pr\u00e9sentation Standard est un \u00e9tui noir avec un insert en similicuir sur lequel le bijou est pos\u00e9 \u00e0 droite et la carte de personnalisation \u00e0 gauche.<\/p>\n\n\n\n<figure class=\"wp-block-image\"><a href=\"https:\/\/www.ebay.co.uk\/itm\/Fordingtons-Graduation-Gift-Degree-Honours-Jewel-Medal\/174480837439\"><img loading=\"lazy\" decoding=\"async\" width=\"107\" height=\"60\" src=\"http:\/\/www.fordingtons.co.uk\/wp-content\/uploads\/2020\/10\/Buy-Now-Standard-20-White.png\" alt=\"\" class=\"wp-image-121\"\/><\/a><\/figure>\n\n\n\n<h2 class=\"wp-block-heading\">Prime<\/h2>\n\n\n\n<figure class=\"wp-block-image is-resized\"><img loading=\"lazy\" decoding=\"async\" src=\"http:\/\/www.fordingtons.co.uk\/wp-content\/uploads\/2020\/10\/IMAG0038-2-Premium-single-with-mortar-board-1-1024x890.jpg\" alt=\"\" class=\"wp-image-40\" width=\"450\" height=\"391\" srcset=\"https:\/\/www.fordingtons.co.uk\/wp-content\/uploads\/2020\/10\/IMAG0038-2-Premium-single-with-mortar-board-1-1024x890.jpg 1024w, https:\/\/www.fordingtons.co.uk\/wp-content\/uploads\/2020\/10\/IMAG0038-2-Premium-single-with-mortar-board-1-300x261.jpg 300w, https:\/\/www.fordingtons.co.uk\/wp-content\/uploads\/2020\/10\/IMAG0038-2-Premium-single-with-mortar-board-1-768x667.jpg 768w, https:\/\/www.fordingtons.co.uk\/wp-content\/uploads\/2020\/10\/IMAG0038-2-Premium-single-with-mortar-board-1.jpg 1517w\" sizes=\"auto, (max-width: 450px) 100vw, 450px\" \/><\/figure>\n\n\n\n<p>Le coffret de pr\u00e9sentation haut de gamme est un coffret en bois avec serrure magn\u00e9tique dissimul\u00e9e.&nbsp;Il est en outre emboss\u00e9 sur la couverture avec le libell\u00e9 de votre insigne d&#8217;honneur Fordington<sup>TM<\/sup>.&nbsp;L&#8217;int\u00e9rieur de l&#8217;\u00e9tui de pr\u00e9sentation haut de gamme est incrust\u00e9 de velours rouge dans les deux moiti\u00e9s, agr\u00e9ment\u00e9 d&#8217;une bordure en soie rouge et de deux ceintures en croix rouge s\u00e9curisant votre carte de personnalisation en relief.<\/p>\n\n\n\n<figure class=\"wp-block-image\"><a href=\"https:\/\/www.ebay.co.uk\/itm\/Fordingtons-Honours-Degree-Graduation-Medal-\/173969831632\"><img loading=\"lazy\" decoding=\"async\" width=\"106\" height=\"60\" src=\"http:\/\/www.fordingtons.co.uk\/wp-content\/uploads\/2020\/10\/Buy-Now-Premium-28-white.png\" alt=\"\" class=\"wp-image-120\"\/><\/a><\/figure>\n\n\n\n<p>Les m\u00e9dailles Honours Jewel<sup>TM<\/sup> elles-m\u00eames sont \u00e9galement capables de porter une gravure pour votre propre personnalisation sur leur revers.<\/p>\n\n\n\n<p>C&#8217;est un bijou tr\u00e8s sp\u00e9cial, sp\u00e9cialement con\u00e7u, magnifiquement con\u00e7u et chacun termin\u00e9 individuellement \u00e0 la main.&nbsp;Le joyau officiel de Fordington&#8217;s Honours Jewel<sup>TM<\/sup> est une am\u00e9lioration, pleine de symbolisme et de sens, \u00e0 afficher \u00e0 c\u00f4t\u00e9 de l&#8217;octroi d&#8217;un dipl\u00f4me universitaire.<\/p>\n\n\n\n<figure class=\"wp-block-image is-resized\"><img loading=\"lazy\" decoding=\"async\" src=\"http:\/\/www.fordingtons.co.uk\/wp-content\/uploads\/2020\/10\/Recycling-S-ymbol.jpg\" alt=\"\" class=\"wp-image-124\" width=\"120\" height=\"98\" srcset=\"https:\/\/www.fordingtons.co.uk\/wp-content\/uploads\/2020\/10\/Recycling-S-ymbol.jpg 496w, https:\/\/www.fordingtons.co.uk\/wp-content\/uploads\/2020\/10\/Recycling-S-ymbol-300x244.jpg 300w\" sizes=\"auto, (max-width: 120px) 100vw, 120px\" \/><figcaption>Aider \u00e0 prendre soin de notre plan\u00e8te<\/figcaption><\/figure>\n\n\n\n<p>Quelle que soit la version que vous choisissez, vous pouvez \u00eatre s\u00fbr que nous utilisons la moindre quantit\u00e9 et les niveaux d&#8217;emballage les plus biod\u00e9gradables que nous sommes en mesure de nous approvisionner afin de prot\u00e9ger l&#8217;environnement \u00e0 la fois aujourd&#8217;hui et pour les g\u00e9n\u00e9rations futures.<\/p>\n\n\n\n<figure class=\"wp-block-image is-resized\"><img loading=\"lazy\" decoding=\"async\" src=\"http:\/\/www.fordingtons.co.uk\/wp-content\/uploads\/2020\/10\/London-University-3.jpg\" alt=\"\" class=\"wp-image-116\" width=\"210\" height=\"133\" srcset=\"https:\/\/www.fordingtons.co.uk\/wp-content\/uploads\/2020\/10\/London-University-3.jpg 487w, https:\/\/www.fordingtons.co.uk\/wp-content\/uploads\/2020\/10\/London-University-3-300x190.jpg 300w\" sizes=\"auto, (max-width: 210px) 100vw, 210px\" \/><figcaption>Universit\u00e9 de Londres<\/figcaption><\/figure>\n\n\n\n<p>Le joyau du dipl\u00f4me sp\u00e9cialis\u00e9 de Fordington<sup>TM<\/sup> repr\u00e9sente cette tradition historique pour chaque dipl\u00f4m\u00e9, en f\u00e9licitant et en c\u00e9l\u00e9brant l&#8217;octroi de distinctions honorifiques dans le cadre de leur dipl\u00f4me, quelle que soit la nation dont ils proviennent et quelle universit\u00e9 dans le monde ils ont fr\u00e9quent\u00e9e, que ce soit dans un royaume ou un r\u00e9publique.&nbsp;&#8211; Le joyau officiel de l&#8217;insigne honorifique de Fordington<sup>TM<\/sup> repr\u00e9sente le standard international de r\u00e9ussite sup\u00e9rieure au niveau du dipl\u00f4me.<\/p>\n\n\n\n<figure class=\"wp-block-image is-resized\"><img loading=\"lazy\" decoding=\"async\" src=\"http:\/\/www.fordingtons.co.uk\/wp-content\/uploads\/2020\/10\/IMG-20190719-WA0023-Female-collage-1-1-650x1024.jpg\" alt=\"\" class=\"wp-image-70\" width=\"171\" height=\"270\" srcset=\"https:\/\/www.fordingtons.co.uk\/wp-content\/uploads\/2020\/10\/IMG-20190719-WA0023-Female-collage-1-1-650x1024.jpg 650w, https:\/\/www.fordingtons.co.uk\/wp-content\/uploads\/2020\/10\/IMG-20190719-WA0023-Female-collage-1-1-190x300.jpg 190w, https:\/\/www.fordingtons.co.uk\/wp-content\/uploads\/2020\/10\/IMG-20190719-WA0023-Female-collage-1-1-768x1210.jpg 768w, https:\/\/www.fordingtons.co.uk\/wp-content\/uploads\/2020\/10\/IMG-20190719-WA0023-Female-collage-1-1.jpg 960w\" sizes=\"auto, (max-width: 171px) 100vw, 171px\" \/><\/figure>\n","protected":false},"excerpt":{"rendered":"<p>Des Produits La description Le bijou du dipl\u00f4me honorifique de FordingtonTM est une magnifique m\u00e9daille [&hellip;]<\/p>\n","protected":false},"author":4,"featured_media":0,"parent":0,"menu_order":0,"comment_status":"closed","ping_status":"closed","template":"","meta":{"footnotes":""},"class_list":["post-159","page","type-page","status-publish","hentry"],"_links":{"self":[{"href":"https:\/\/www.fordingtons.co.uk\/index.php\/wp-json\/wp\/v2\/pages\/159","targetHints":{"allow":["GET"]}}],"collection":[{"href":"https:\/\/www.fordingtons.co.uk\/index.php\/wp-json\/wp\/v2\/pages"}],"about":[{"href":"https:\/\/www.fordingtons.co.uk\/index.php\/wp-json\/wp\/v2\/types\/page"}],"author":[{"embeddable":true,"href":"https:\/\/www.fordingtons.co.uk\/index.php\/wp-json\/wp\/v2\/users\/4"}],"replies":[{"embeddable":true,"href":"https:\/\/www.fordingtons.co.uk\/index.php\/wp-json\/wp\/v2\/comments?post=159"}],"version-history":[{"count":8,"href":"https:\/\/www.fordingtons.co.uk\/index.php\/wp-json\/wp\/v2\/pages\/159\/revisions"}],"predecessor-version":[{"id":350,"href":"https:\/\/www.fordingtons.co.uk\/index.php\/wp-json\/wp\/v2\/pages\/159\/revisions\/350"}],"wp:attachment":[{"href":"https:\/\/www.fordingtons.co.uk\/index.php\/wp-json\/wp\/v2\/media?parent=159"}],"curies":[{"name":"wp","href":"https:\/\/api.w.org\/{rel}","templated":true}]}}