{"id":169,"date":"2020-10-11T23:06:19","date_gmt":"2020-10-11T22:06:19","guid":{"rendered":"http:\/\/www.fordingtons.co.uk\/?page_id=169"},"modified":"2020-11-12T21:51:42","modified_gmt":"2020-11-12T20:51:42","slug":"startseite-deutsch","status":"publish","type":"page","link":"https:\/\/www.fordingtons.co.uk\/index.php\/startseite-deutsch\/","title":{"rendered":"Startseite Deutsch"},"content":{"rendered":"\n<figure class=\"wp-block-image size-large is-resized\"><img loading=\"lazy\" decoding=\"async\" src=\"http:\/\/www.fordingtons.co.uk\/wp-content\/uploads\/2020\/10\/Germany-1.png\" alt=\"\" class=\"wp-image-171\" width=\"136\" height=\"136\" srcset=\"https:\/\/www.fordingtons.co.uk\/wp-content\/uploads\/2020\/10\/Germany-1.png 800w, https:\/\/www.fordingtons.co.uk\/wp-content\/uploads\/2020\/10\/Germany-1-300x300.png 300w, https:\/\/www.fordingtons.co.uk\/wp-content\/uploads\/2020\/10\/Germany-1-150x150.png 150w, https:\/\/www.fordingtons.co.uk\/wp-content\/uploads\/2020\/10\/Germany-1-768x768.png 768w\" sizes=\"auto, (max-width: 136px) 100vw, 136px\" \/><\/figure>\n\n\n\n<p><strong>Willkommen bei Fordington&#8217;s<\/strong><sup>TM&nbsp;<\/sup>&#8211; der Heimat der offiziellen Fordington&#8217;s Honours Degree Insignia<sup>TM<\/sup>.&nbsp;F\u00fcr Absolventen aller anerkannten Universit\u00e4ten weltweit.&nbsp;Der internationale Standard.<\/p>\n\n\n\n<figure class=\"wp-block-image\"><img loading=\"lazy\" decoding=\"async\" width=\"356\" height=\"142\" src=\"http:\/\/www.fordingtons.co.uk\/wp-content\/uploads\/2020\/10\/Congregation-1.jpg\" alt=\"\" class=\"wp-image-52\" srcset=\"https:\/\/www.fordingtons.co.uk\/wp-content\/uploads\/2020\/10\/Congregation-1.jpg 356w, https:\/\/www.fordingtons.co.uk\/wp-content\/uploads\/2020\/10\/Congregation-1-300x120.jpg 300w\" sizes=\"auto, (max-width: 356px) 100vw, 356px\" \/><\/figure>\n\n\n\n<figure class=\"wp-block-image\"><a href=\"https:\/\/www.ebay.co.uk\/itm\/Fordingtons-Special-graduation-period-price\/173969831632\"><img loading=\"lazy\" decoding=\"async\" width=\"115\" height=\"189\" src=\"http:\/\/www.fordingtons.co.uk\/wp-content\/uploads\/2019\/08\/insignia_sml.jpg\" alt=\"\" class=\"wp-image-21\"\/><\/a><figcaption><a href=\"https:\/\/www.ebay.co.uk\/itm\/Fordingtons-Special-graduation-period-price\/173969831632\"><\/a><\/figcaption><\/figure>\n\n\n\n<p>Haben Sie es aufgegeben, das perfekte Abschlussgeschenk zu finden?&nbsp;&#8211; Sie m\u00f6chten h\u00f6chstwahrscheinlich jemandem, der etwas Besonderes ist, ein Abschlussgeschenk voller Bedeutung und Bedeutung geben. &#8211; Fordingtons offizielles Honours Degree Jewel<sup>TM<\/sup> &#8211; Eine handgefertigte W\u00fcrdigung der Leistung eines Absolventen auf Abschlussniveau.<\/p>\n\n\n\n<figure class=\"wp-block-image is-resized\"><img loading=\"lazy\" decoding=\"async\" src=\"http:\/\/www.fordingtons.co.uk\/wp-content\/uploads\/2020\/10\/IMAG0007-Premium-3-open-with-mortar-board-1024x760.jpg\" alt=\"\" class=\"wp-image-43\" width=\"426\" height=\"316\" srcset=\"https:\/\/www.fordingtons.co.uk\/wp-content\/uploads\/2020\/10\/IMAG0007-Premium-3-open-with-mortar-board-1024x760.jpg 1024w, https:\/\/www.fordingtons.co.uk\/wp-content\/uploads\/2020\/10\/IMAG0007-Premium-3-open-with-mortar-board-300x223.jpg 300w, https:\/\/www.fordingtons.co.uk\/wp-content\/uploads\/2020\/10\/IMAG0007-Premium-3-open-with-mortar-board-768x570.jpg 768w, https:\/\/www.fordingtons.co.uk\/wp-content\/uploads\/2020\/10\/IMAG0007-Premium-3-open-with-mortar-board-1536x1140.jpg 1536w, https:\/\/www.fordingtons.co.uk\/wp-content\/uploads\/2020\/10\/IMAG0007-Premium-3-open-with-mortar-board.jpg 1641w\" sizes=\"auto, (max-width: 426px) 100vw, 426px\" \/><\/figure>\n\n\n\n<figure class=\"wp-block-image is-resized\"><img loading=\"lazy\" decoding=\"async\" src=\"http:\/\/www.fordingtons.co.uk\/wp-content\/uploads\/2020\/10\/Astn-Academics-1-1024x718.jpg\" alt=\"\" class=\"wp-image-128\" width=\"333\" height=\"233\" srcset=\"https:\/\/www.fordingtons.co.uk\/wp-content\/uploads\/2020\/10\/Astn-Academics-1-1024x718.jpg 1024w, https:\/\/www.fordingtons.co.uk\/wp-content\/uploads\/2020\/10\/Astn-Academics-1-300x210.jpg 300w, https:\/\/www.fordingtons.co.uk\/wp-content\/uploads\/2020\/10\/Astn-Academics-1-768x538.jpg 768w, https:\/\/www.fordingtons.co.uk\/wp-content\/uploads\/2020\/10\/Astn-Academics-1-1536x1076.jpg 1536w, https:\/\/www.fordingtons.co.uk\/wp-content\/uploads\/2020\/10\/Astn-Academics-1.jpg 1567w\" sizes=\"auto, (max-width: 333px) 100vw, 333px\" \/><\/figure>\n\n\n\n<p>Die Tradition der Verleihung von Abschl\u00fcssen mit Auszeichnung wurde heutzutage \u00fcber das Vereinigte K\u00f6nigreich hinaus auf viele andere Einrichtungen zur Gew\u00e4hrung von Abschl\u00fcssen auf der ganzen Welt ausgedehnt.&nbsp;Jeder \u00fcber einem formellen Pass verliehene Abschluss (z. B. ein First Class Degree oder ein 2: 1 oder 2: 2) hat traditionell Ehrungen verliehen.<\/p>\n\n\n\n<figure class=\"wp-block-image is-resized\"><img loading=\"lazy\" decoding=\"async\" src=\"http:\/\/www.fordingtons.co.uk\/wp-content\/uploads\/2020\/10\/QE-II.jpg\" alt=\"\" class=\"wp-image-102\" width=\"183\" height=\"137\" srcset=\"https:\/\/www.fordingtons.co.uk\/wp-content\/uploads\/2020\/10\/QE-II.jpg 640w, https:\/\/www.fordingtons.co.uk\/wp-content\/uploads\/2020\/10\/QE-II-300x225.jpg 300w\" sizes=\"auto, (max-width: 183px) 100vw, 183px\" \/><\/figure>\n\n\n\n<p>Im Vereinigten K\u00f6nigreich und in bestimmten anderen Commonwealth-Bereichen beziehen die Universit\u00e4ten ihre Befugnisse zur Verleihung von Abschl\u00fcssen und &#8211; mit Auszeichnung &#8211; von der Krone \u00fcber ihre Royal Charters.&nbsp;In anderen L\u00e4ndern ergibt sich eine \u00e4hnliche Autorit\u00e4t aus ihren eigenen gesetzlichen Bestimmungen.&nbsp;Bis zum heutigen Tag bleibt die Krone die Schrift aller Ehren in den Reichen von K\u00f6nigin Elizabeth II., Daher liegt die Gew\u00e4hrung von Ehren technisch in der Autorit\u00e4t der Krone.<\/p>\n\n\n\n<figure class=\"wp-block-image is-resized\"><img loading=\"lazy\" decoding=\"async\" src=\"http:\/\/www.fordingtons.co.uk\/wp-content\/uploads\/2020\/10\/Cambridge-2.jpg\" alt=\"\" class=\"wp-image-109\" width=\"196\" height=\"112\"\/><figcaption>Universit\u00e4t von Cambridge<\/figcaption><\/figure>\n\n\n\n<p>Der Erwerb eines offiziellen Fordington&#8217;s Honours Degree Jewel<sup>TM<\/sup> folgt dieser besonderen Tradition &#8211; er repr\u00e4sentiert die h\u00f6heren Leistungsniveaus auf Abschlussniveau.<\/p>\n\n\n\n<figure class=\"wp-block-image is-resized\"><img loading=\"lazy\" decoding=\"async\" src=\"http:\/\/www.fordingtons.co.uk\/wp-content\/uploads\/2020\/10\/Yale-2.jpg\" alt=\"\" class=\"wp-image-110\" width=\"212\" height=\"150\"\/><figcaption>Yale Universit\u00e4t<\/figcaption><\/figure>\n\n\n\n<p>Ihr Honours Degree Jewel<sup>TM<\/sup> bleibt Ihnen ein Leben lang geh\u00f6ren, auch nachdem die M\u00fctze und das Kleid des Abschlusstags abgelaufen sind.<\/p>\n\n\n\n<p>Ihr Honours Degree Jewel<sup>TM<\/sup> kann bei zuk\u00fcnftigen formellen Anl\u00e4ssen getragen werden, wenn Sie an Veranstaltungen teilnehmen, bei denen Dekorationen getragen werden sollen, oder sogar w\u00e4hrend Ihres Abschlussballs.&nbsp;Wichtig ist jedoch, dass Ihr Honours Degree Jewel<sup>TM<\/sup> auch eine Personalisierungsbeilage und einen formellen Koffer f\u00fcr Pr\u00e4sentationszwecke enth\u00e4lt, wenn es nicht getragen wird.&nbsp;In der Regel wird Ihr Pr\u00e4sentationskoffer mit dem darin befindlichen Honours Degree Jewel<sup>TM<\/sup> neben Ihrem Abschlusszertifikat oder Ihrem Abschlussfoto angezeigt.<\/p>\n\n\n\n<figure class=\"wp-block-image is-resized\"><img loading=\"lazy\" decoding=\"async\" src=\"http:\/\/www.fordingtons.co.uk\/wp-content\/uploads\/2020\/10\/Colleage-on-display-650x1024.jpg\" alt=\"\" class=\"wp-image-50\" width=\"253\" height=\"397\"\/><\/figure>\n","protected":false},"excerpt":{"rendered":"<p>Willkommen bei Fordington&#8217;sTM&nbsp;&#8211; der Heimat der offiziellen Fordington&#8217;s Honours Degree InsigniaTM.&nbsp;F\u00fcr Absolventen aller anerkannten Universit\u00e4ten [&hellip;]<\/p>\n","protected":false},"author":4,"featured_media":0,"parent":0,"menu_order":0,"comment_status":"closed","ping_status":"closed","template":"","meta":{"footnotes":""},"class_list":["post-169","page","type-page","status-publish","hentry"],"_links":{"self":[{"href":"https:\/\/www.fordingtons.co.uk\/index.php\/wp-json\/wp\/v2\/pages\/169","targetHints":{"allow":["GET"]}}],"collection":[{"href":"https:\/\/www.fordingtons.co.uk\/index.php\/wp-json\/wp\/v2\/pages"}],"about":[{"href":"https:\/\/www.fordingtons.co.uk\/index.php\/wp-json\/wp\/v2\/types\/page"}],"author":[{"embeddable":true,"href":"https:\/\/www.fordingtons.co.uk\/index.php\/wp-json\/wp\/v2\/users\/4"}],"replies":[{"embeddable":true,"href":"https:\/\/www.fordingtons.co.uk\/index.php\/wp-json\/wp\/v2\/comments?post=169"}],"version-history":[{"count":7,"href":"https:\/\/www.fordingtons.co.uk\/index.php\/wp-json\/wp\/v2\/pages\/169\/revisions"}],"predecessor-version":[{"id":282,"href":"https:\/\/www.fordingtons.co.uk\/index.php\/wp-json\/wp\/v2\/pages\/169\/revisions\/282"}],"wp:attachment":[{"href":"https:\/\/www.fordingtons.co.uk\/index.php\/wp-json\/wp\/v2\/media?parent=169"}],"curies":[{"name":"wp","href":"https:\/\/api.w.org\/{rel}","templated":true}]}}