{"id":175,"date":"2020-10-12T16:38:28","date_gmt":"2020-10-12T15:38:28","guid":{"rendered":"http:\/\/www.fordingtons.co.uk\/?page_id=175"},"modified":"2020-11-13T10:13:25","modified_gmt":"2020-11-13T09:13:25","slug":"produkte-deutsch","status":"publish","type":"page","link":"https:\/\/www.fordingtons.co.uk\/index.php\/produkte-deutsch\/","title":{"rendered":"Produkte Deutsch"},"content":{"rendered":"\n<figure class=\"wp-block-image is-resized\"><img loading=\"lazy\" decoding=\"async\" src=\"http:\/\/www.fordingtons.co.uk\/wp-content\/uploads\/2020\/10\/IMG-20191011-WA0001-2-767x1024.jpg\" alt=\"\" class=\"wp-image-69\" width=\"396\" height=\"529\" srcset=\"https:\/\/www.fordingtons.co.uk\/wp-content\/uploads\/2020\/10\/IMG-20191011-WA0001-2-767x1024.jpg 767w, https:\/\/www.fordingtons.co.uk\/wp-content\/uploads\/2020\/10\/IMG-20191011-WA0001-2-225x300.jpg 225w, https:\/\/www.fordingtons.co.uk\/wp-content\/uploads\/2020\/10\/IMG-20191011-WA0001-2-768x1025.jpg 768w, https:\/\/www.fordingtons.co.uk\/wp-content\/uploads\/2020\/10\/IMG-20191011-WA0001-2.jpg 1102w\" sizes=\"auto, (max-width: 396px) 100vw, 396px\" \/><\/figure>\n\n\n\n<h2 class=\"wp-block-heading\">Beschreibung<\/h2>\n\n\n\n<p>Das Fordington&#8217;s Honours Degree Jewel<sup>TM<\/sup> ist eine wundersch\u00f6ne, bedeutungsvoll emaillierte Medaille.&nbsp;Jedes Juwel ist mit einer lateinischen Inschrift versehen und beschreibt die Reise der Absolventen, die mit einem Abschluss mit Auszeichnung ausgezeichnet wurde.<\/p>\n\n\n\n<p>Das Medaillendesign des Honours Jewel<sup>TM<\/sup> zeigt die Kardinalpunkte eines Kompasses &#8211; in wei\u00dfer Emaille gemalt &#8211; als Symbol f\u00fcr die Reinheit des Wissens und die Suche nach der Wahrheit.&nbsp;Die Punkte eines Kompasses selbst repr\u00e4sentieren die F\u00e4higkeit des Empf\u00e4ngers, sich nach Abschluss der Universit\u00e4t unabh\u00e4ngig und zielgerichtet durch Lebens- und Berufswahlen zu bewegen.&nbsp;Eingebettet sind die kleineren roten Kompasspunkte, die Leidenschaft, Energie und Antrieb symbolisieren.<\/p>\n\n\n\n<p>Zwischen allen Punkten befindet sich goldene Lilie, die f\u00fcr Reinheit, Menschlichkeit und Hingabe an die eigene Berufung steht.&nbsp;Der Schild des Fordington in der Mitte der Medaille zeugt von der Echtheit und Originalit\u00e4t der Herkunft des Schmuckst\u00fccks.&nbsp;Die lateinischen Inschriften sind weiter stilisiert, wobei die Gro\u00dfschreibung den Reichtum der Fakult\u00e4ten darstellt, auf die sich die Insignien auf Gradebene beziehen, wobei eine weitere Abgrenzung unten die Verleihung der Ehrungen selbst bedeutet.<\/p>\n\n\n\n<figure class=\"wp-block-image\"><img loading=\"lazy\" decoding=\"async\" width=\"254\" height=\"153\" src=\"http:\/\/www.fordingtons.co.uk\/wp-content\/uploads\/2020\/10\/Oxford-2.jpg\" alt=\"\" class=\"wp-image-104\"\/><figcaption>Universit\u00e4t von Oxford<\/figcaption><\/figure>\n\n\n\n<figure class=\"wp-block-image is-resized\"><img loading=\"lazy\" decoding=\"async\" src=\"http:\/\/www.fordingtons.co.uk\/wp-content\/uploads\/2020\/10\/Harvard-2-1024x515.jpg\" alt=\"\" class=\"wp-image-106\" width=\"338\" height=\"169\" srcset=\"https:\/\/www.fordingtons.co.uk\/wp-content\/uploads\/2020\/10\/Harvard-2-1024x515.jpg 1024w, https:\/\/www.fordingtons.co.uk\/wp-content\/uploads\/2020\/10\/Harvard-2-300x151.jpg 300w, https:\/\/www.fordingtons.co.uk\/wp-content\/uploads\/2020\/10\/Harvard-2-768x386.jpg 768w, https:\/\/www.fordingtons.co.uk\/wp-content\/uploads\/2020\/10\/Harvard-2.jpg 1116w\" sizes=\"auto, (max-width: 338px) 100vw, 338px\" \/><figcaption>Harvard Universit\u00e4t<\/figcaption><\/figure>\n\n\n\n<p>Das Band des Schmuckst\u00fccks repr\u00e4sentiert die traditionellen Hauptfarben, die noch immer von den traditionellsten Universit\u00e4ten verwendet werden.<\/p>\n\n\n\n<h2 class=\"wp-block-heading\">Wahl<\/h2>\n\n\n\n<p>Fordington&#8217;s<sup>TM<\/sup> bietet eine Auswahl an Pr\u00e4sentationskoffern f\u00fcr die Pr\u00e4sentation des Honours Degree Insignia Jewel<sup>TM<\/sup>.&nbsp;Die Pr\u00e4sentationsh\u00fclle dient zur Anzeige Ihres Honours Degree Jewel<sup>TM<\/sup>, wenn es nicht getragen wird.&nbsp;Jedes Juwel wird mit einer Personalisierungskarte und einem Pr\u00e4sentationskoffer Ihrer Wahl geliefert.<\/p>\n\n\n\n<h2 class=\"wp-block-heading\"><strong>Die Optionen Ihres Fordington<\/strong><sup>TM<\/sup><strong> f\u00fcr den Pr\u00e4sentationsfall:<\/strong><\/h2>\n\n\n\n<ol class=\"wp-block-list\"><li>Basic \u00a3 15 (einschlie\u00dflich Versand)<\/li><li>Standard \u00a3 20 (einschlie\u00dflich Versand)<\/li><li>Premium \u00a3 28 (einschlie\u00dflich Versand)<\/li><\/ol>\n\n\n\n<h2 class=\"wp-block-heading\">Basic<\/h2>\n\n\n\n<figure class=\"wp-block-image is-resized\"><img loading=\"lazy\" decoding=\"async\" src=\"http:\/\/www.fordingtons.co.uk\/wp-content\/uploads\/2020\/10\/IMAG0123-Basic-Case-760x1024.jpg\" alt=\"\" class=\"wp-image-38\" width=\"320\" height=\"431\" srcset=\"https:\/\/www.fordingtons.co.uk\/wp-content\/uploads\/2020\/10\/IMAG0123-Basic-Case-760x1024.jpg 760w, https:\/\/www.fordingtons.co.uk\/wp-content\/uploads\/2020\/10\/IMAG0123-Basic-Case-223x300.jpg 223w, https:\/\/www.fordingtons.co.uk\/wp-content\/uploads\/2020\/10\/IMAG0123-Basic-Case-768x1035.jpg 768w, https:\/\/www.fordingtons.co.uk\/wp-content\/uploads\/2020\/10\/IMAG0123-Basic-Case-1140x1536.jpg 1140w, https:\/\/www.fordingtons.co.uk\/wp-content\/uploads\/2020\/10\/IMAG0123-Basic-Case.jpg 1218w\" sizes=\"auto, (max-width: 320px) 100vw, 320px\" \/><\/figure>\n\n\n\n<p>Die Basic-Version ist eine schwarze Kartenbox, die mit einem schwarzen Samtpad ausgekleidet ist, auf dem das Juwel ruht, und der Personalisierungskarte, die sich im Deckel befindet.<\/p>\n\n\n\n<figure class=\"wp-block-image\"><a href=\"https:\/\/www.ebay.co.uk\/itm\/Fordingtons-Graduation-Gift-Degree-Honours-Jewel-Medal\/174480824799\"><img loading=\"lazy\" decoding=\"async\" width=\"95\" height=\"60\" src=\"http:\/\/www.fordingtons.co.uk\/wp-content\/uploads\/2020\/10\/Buy-Now-Basic-15-White.png\" alt=\"\" class=\"wp-image-122\"\/><\/a><\/figure>\n\n\n\n<h2 class=\"wp-block-heading\">Standard<\/h2>\n\n\n\n<figure class=\"wp-block-image is-resized\"><img loading=\"lazy\" decoding=\"async\" src=\"http:\/\/www.fordingtons.co.uk\/wp-content\/uploads\/2020\/10\/IMAG0126-Standard-Case-760x1024.jpg\" alt=\"\" class=\"wp-image-39\" width=\"399\" height=\"537\" srcset=\"https:\/\/www.fordingtons.co.uk\/wp-content\/uploads\/2020\/10\/IMAG0126-Standard-Case-760x1024.jpg 760w, https:\/\/www.fordingtons.co.uk\/wp-content\/uploads\/2020\/10\/IMAG0126-Standard-Case-223x300.jpg 223w, https:\/\/www.fordingtons.co.uk\/wp-content\/uploads\/2020\/10\/IMAG0126-Standard-Case-768x1035.jpg 768w, https:\/\/www.fordingtons.co.uk\/wp-content\/uploads\/2020\/10\/IMAG0126-Standard-Case-1140x1536.jpg 1140w, https:\/\/www.fordingtons.co.uk\/wp-content\/uploads\/2020\/10\/IMAG0126-Standard-Case.jpg 1218w\" sizes=\"auto, (max-width: 399px) 100vw, 399px\" \/><\/figure>\n\n\n\n<p>Die Standard-Pr\u00e4sentationsh\u00fclle ist eine schwarze H\u00fclle mit einem Kunstledereinsatz, auf dem das Juwel rechts sitzt und die Personalisierungskarte links.<\/p>\n\n\n\n<figure class=\"wp-block-image\"><a href=\"https:\/\/www.ebay.co.uk\/itm\/Fordingtons-Graduation-Gift-Degree-Honours-Jewel-Medal\/174480837439\"><img loading=\"lazy\" decoding=\"async\" width=\"107\" height=\"60\" src=\"http:\/\/www.fordingtons.co.uk\/wp-content\/uploads\/2020\/10\/Buy-Now-Standard-20-White.png\" alt=\"\" class=\"wp-image-121\"\/><\/a><\/figure>\n\n\n\n<h2 class=\"wp-block-heading\">Pr\u00e4mie<\/h2>\n\n\n\n<figure class=\"wp-block-image is-resized\"><img loading=\"lazy\" decoding=\"async\" src=\"http:\/\/www.fordingtons.co.uk\/wp-content\/uploads\/2020\/10\/IMAG0038-2-Premium-single-with-mortar-board-1-1024x890.jpg\" alt=\"\" class=\"wp-image-40\" width=\"471\" height=\"409\" srcset=\"https:\/\/www.fordingtons.co.uk\/wp-content\/uploads\/2020\/10\/IMAG0038-2-Premium-single-with-mortar-board-1-1024x890.jpg 1024w, https:\/\/www.fordingtons.co.uk\/wp-content\/uploads\/2020\/10\/IMAG0038-2-Premium-single-with-mortar-board-1-300x261.jpg 300w, https:\/\/www.fordingtons.co.uk\/wp-content\/uploads\/2020\/10\/IMAG0038-2-Premium-single-with-mortar-board-1-768x667.jpg 768w, https:\/\/www.fordingtons.co.uk\/wp-content\/uploads\/2020\/10\/IMAG0038-2-Premium-single-with-mortar-board-1.jpg 1517w\" sizes=\"auto, (max-width: 471px) 100vw, 471px\" \/><\/figure>\n\n\n\n<p>Der Premium Presentation Case ist ein Holzkoffer mit verdecktem Magnetschloss.&nbsp;Es ist weiter auf dem Cover mit dem Wortlaut Ihrer Fordington&#8217;s Honours Insignia<sup>TM<\/sup> gepr\u00e4gt.&nbsp;Die Innenseite des Premium Presentation Case ist in beiden H\u00e4lften mit rotem Samt eingelegt, erg\u00e4nzt durch rote Seidenborte und zwei rote Kreuzfl\u00fcgel, die Ihre gepr\u00e4gte Personalisierungskarte sichern.<\/p>\n\n\n\n<figure class=\"wp-block-image\"><a href=\"https:\/\/www.ebay.co.uk\/itm\/Fordingtons-Honours-Degree-Graduation-Medal-\/173969831632\"><img loading=\"lazy\" decoding=\"async\" width=\"106\" height=\"60\" src=\"http:\/\/www.fordingtons.co.uk\/wp-content\/uploads\/2020\/10\/Buy-Now-Premium-28-white.png\" alt=\"\" class=\"wp-image-120\"\/><\/a><\/figure>\n\n\n\n<p>Die Honours Jewel-Medaillen<sup>TM <\/sup>selbst k\u00f6nnen auch auf ihrer R\u00fcckseite eine Gravur f\u00fcr Ihre eigene Personalisierung tragen.<\/p>\n\n\n\n<p>Dies ist ein ganz besonderes Juwel, speziell entworfen, wundersch\u00f6n verarbeitet und jedes einzeln von Hand gefertigt.&nbsp;Das offizielle Fordington&#8217;s Honours Jewel<sup>TM<\/sup> ist eine Erweiterung voller Symbolik und Bedeutung, die zusammen mit der Erteilung des Universit\u00e4tsabschlusses ausgestellt wird.<\/p>\n\n\n\n<figure class=\"wp-block-image is-resized\"><img loading=\"lazy\" decoding=\"async\" src=\"http:\/\/www.fordingtons.co.uk\/wp-content\/uploads\/2020\/10\/Recycling-S-ymbol.jpg\" alt=\"\" class=\"wp-image-124\" width=\"96\" height=\"78\" srcset=\"https:\/\/www.fordingtons.co.uk\/wp-content\/uploads\/2020\/10\/Recycling-S-ymbol.jpg 496w, https:\/\/www.fordingtons.co.uk\/wp-content\/uploads\/2020\/10\/Recycling-S-ymbol-300x244.jpg 300w\" sizes=\"auto, (max-width: 96px) 100vw, 96px\" \/><figcaption>Hilfe bei der Pflege unseres Planeten<\/figcaption><\/figure>\n\n\n\n<p>Unabh\u00e4ngig davon, welche Version Sie ausw\u00e4hlen, k\u00f6nnen Sie sicher sein, dass wir die geringste Menge und die biologisch abbaubarsten Verpackungsmengen verwenden, die wir beschaffen k\u00f6nnen, um die Umwelt jetzt und f\u00fcr zuk\u00fcnftige Generationen zu sch\u00fctzen.<\/p>\n\n\n\n<figure class=\"wp-block-image is-resized\"><img loading=\"lazy\" decoding=\"async\" src=\"http:\/\/www.fordingtons.co.uk\/wp-content\/uploads\/2020\/10\/London-University-3.jpg\" alt=\"\" class=\"wp-image-116\" width=\"215\" height=\"136\" srcset=\"https:\/\/www.fordingtons.co.uk\/wp-content\/uploads\/2020\/10\/London-University-3.jpg 487w, https:\/\/www.fordingtons.co.uk\/wp-content\/uploads\/2020\/10\/London-University-3-300x190.jpg 300w\" sizes=\"auto, (max-width: 215px) 100vw, 215px\" \/><figcaption>Universit\u00e4t von London<\/figcaption><\/figure>\n\n\n\n<p>Das Fordington&#8217;s Honours Degree Jewel<sup>TM<\/sup> repr\u00e4sentiert diese historische Tradition f\u00fcr jeden einzelnen Absolventen und gratuliert und feiert die Verleihung der Honours als Teil seines Abschlusses, unabh\u00e4ngig davon, aus welcher Nation sie stammen und welche Universit\u00e4t der Welt sie besucht haben, sei es innerhalb eines K\u00f6nigreichs oder einer Republik.&nbsp;&#8211; Das offizielle Fordington&#8217;s Honours Insignia Jewel<sup>TM<\/sup> repr\u00e4sentiert den internationalen Standard f\u00fcr h\u00f6here Leistungen auf Abschlussniveau.<\/p>\n\n\n\n<figure class=\"wp-block-image is-resized\"><img loading=\"lazy\" decoding=\"async\" src=\"http:\/\/www.fordingtons.co.uk\/wp-content\/uploads\/2020\/10\/IMG-20190719-WA0023-Female-collage-1-1-650x1024.jpg\" alt=\"\" class=\"wp-image-70\" width=\"167\" height=\"262\" srcset=\"https:\/\/www.fordingtons.co.uk\/wp-content\/uploads\/2020\/10\/IMG-20190719-WA0023-Female-collage-1-1-650x1024.jpg 650w, https:\/\/www.fordingtons.co.uk\/wp-content\/uploads\/2020\/10\/IMG-20190719-WA0023-Female-collage-1-1-768x1210.jpg 768w, https:\/\/www.fordingtons.co.uk\/wp-content\/uploads\/2020\/10\/IMG-20190719-WA0023-Female-collage-1-1.jpg 960w\" sizes=\"auto, (max-width: 167px) 100vw, 167px\" \/><\/figure>\n\n\n\n<p><\/p>\n","protected":false},"excerpt":{"rendered":"<p>Beschreibung Das Fordington&#8217;s Honours Degree JewelTM ist eine wundersch\u00f6ne, bedeutungsvoll emaillierte Medaille.&nbsp;Jedes Juwel ist mit [&hellip;]<\/p>\n","protected":false},"author":4,"featured_media":0,"parent":0,"menu_order":0,"comment_status":"closed","ping_status":"closed","template":"","meta":{"footnotes":""},"class_list":["post-175","page","type-page","status-publish","hentry"],"_links":{"self":[{"href":"https:\/\/www.fordingtons.co.uk\/index.php\/wp-json\/wp\/v2\/pages\/175","targetHints":{"allow":["GET"]}}],"collection":[{"href":"https:\/\/www.fordingtons.co.uk\/index.php\/wp-json\/wp\/v2\/pages"}],"about":[{"href":"https:\/\/www.fordingtons.co.uk\/index.php\/wp-json\/wp\/v2\/types\/page"}],"author":[{"embeddable":true,"href":"https:\/\/www.fordingtons.co.uk\/index.php\/wp-json\/wp\/v2\/users\/4"}],"replies":[{"embeddable":true,"href":"https:\/\/www.fordingtons.co.uk\/index.php\/wp-json\/wp\/v2\/comments?post=175"}],"version-history":[{"count":6,"href":"https:\/\/www.fordingtons.co.uk\/index.php\/wp-json\/wp\/v2\/pages\/175\/revisions"}],"predecessor-version":[{"id":351,"href":"https:\/\/www.fordingtons.co.uk\/index.php\/wp-json\/wp\/v2\/pages\/175\/revisions\/351"}],"wp:attachment":[{"href":"https:\/\/www.fordingtons.co.uk\/index.php\/wp-json\/wp\/v2\/media?parent=175"}],"curies":[{"name":"wp","href":"https:\/\/api.w.org\/{rel}","templated":true}]}}