{"id":197,"date":"2020-11-12T22:04:43","date_gmt":"2020-11-12T21:04:43","guid":{"rendered":"http:\/\/www.fordingtons.co.uk\/?page_id=197"},"modified":"2020-11-12T22:04:43","modified_gmt":"2020-11-12T21:04:43","slug":"kontaktiere-uns-deutsch","status":"publish","type":"page","link":"https:\/\/www.fordingtons.co.uk\/index.php\/kontaktiere-uns-deutsch\/","title":{"rendered":"Kontaktiere Uns Deutsch"},"content":{"rendered":"\n<figure class=\"wp-block-image is-resized\"><img loading=\"lazy\" decoding=\"async\" src=\"http:\/\/www.fordingtons.co.uk\/wp-content\/uploads\/2020\/10\/IMAG0048-Premium-one-plus-two-closed-760x1024.jpg\" alt=\"This image has an empty alt attribute; its file name is IMAG0048-Premium-one-plus-two-closed-760x1024.jpg\" width=\"488\" height=\"658\"\/><\/figure>\n\n\n\n<p id=\"block-20cde84b-1c7c-427e-b668-8102dc79502d\">Egal, ob Sie bereits Ihren Abschluss gemacht haben oder jemanden kennen, der gerade seinen Abschluss macht und dessen Abschluss mit Auszeichnung verliehen wird (h\u00f6her als ein gew\u00f6hnlicher Pass auf Abschlussniveau) &#8211; feiern Sie dieses feinere, h\u00f6here Leistungsniveau mit dem offiziellen Fordington Honours Degree Insignia Jewel<sup>TM<\/sup>.<\/p>\n\n\n\n<p id=\"block-f1ca398a-6b44-4298-89da-201996f31350\">Wenn Sie ein bedeutungsvolles Abschlussgeschenk machen m\u00f6chten, eine Anerkennung f\u00fcr die feineren Leistungen eines Absolventen auf Abschlussniveau &#8211; das individuell handgefertigte Honours Degree Jewel<sup>TM<\/sup> von Fordington<sup>TM<\/sup> ist das perfekte, hochwertige Geschenk.<\/p>\n\n\n\n<p id=\"block-eb719aad-7c91-4a8c-89bf-6310dc450108\">Alle Anfragen sind zu richten an:<\/p>\n\n\n\n<p id=\"block-4b7dae47-a535-4dbd-ab17-f91957440d40\">Fordingtons@outlook.com<\/p>\n\n\n\n<p id=\"block-9f95e76c-4a48-40df-8dff-1205f3299d73\">Eink\u00e4ufe mit Paypal k\u00f6nnen einfach \u00fcber diese Website get\u00e4tigt werden, indem Sie auf den entsprechenden Link &#8220;Jetzt kaufen&#8221; klicken.<\/p>\n\n\n\n<figure class=\"wp-block-image is-resized\" id=\"block-fa146d58-5cf9-429e-a683-4909c49751a7\"><img loading=\"lazy\" decoding=\"async\" src=\"http:\/\/www.fordingtons.co.uk\/wp-content\/uploads\/2020\/10\/IMG-20191110-WA0004-760x1024.jpg\" alt=\"Dieses Bild hat ein leeres alt-Attribut.  Der Dateiname lautet IMG-20191110-WA0004-760x1024.jpg\" width=\"386\" height=\"519\"\/><\/figure>\n","protected":false},"excerpt":{"rendered":"<p>Egal, ob Sie bereits Ihren Abschluss gemacht haben oder jemanden kennen, der gerade seinen Abschluss [&hellip;]<\/p>\n","protected":false},"author":4,"featured_media":0,"parent":0,"menu_order":0,"comment_status":"closed","ping_status":"closed","template":"","meta":{"footnotes":""},"class_list":["post-197","page","type-page","status-publish","hentry"],"_links":{"self":[{"href":"https:\/\/www.fordingtons.co.uk\/index.php\/wp-json\/wp\/v2\/pages\/197","targetHints":{"allow":["GET"]}}],"collection":[{"href":"https:\/\/www.fordingtons.co.uk\/index.php\/wp-json\/wp\/v2\/pages"}],"about":[{"href":"https:\/\/www.fordingtons.co.uk\/index.php\/wp-json\/wp\/v2\/types\/page"}],"author":[{"embeddable":true,"href":"https:\/\/www.fordingtons.co.uk\/index.php\/wp-json\/wp\/v2\/users\/4"}],"replies":[{"embeddable":true,"href":"https:\/\/www.fordingtons.co.uk\/index.php\/wp-json\/wp\/v2\/comments?post=197"}],"version-history":[{"count":3,"href":"https:\/\/www.fordingtons.co.uk\/index.php\/wp-json\/wp\/v2\/pages\/197\/revisions"}],"predecessor-version":[{"id":251,"href":"https:\/\/www.fordingtons.co.uk\/index.php\/wp-json\/wp\/v2\/pages\/197\/revisions\/251"}],"wp:attachment":[{"href":"https:\/\/www.fordingtons.co.uk\/index.php\/wp-json\/wp\/v2\/media?parent=197"}],"curies":[{"name":"wp","href":"https:\/\/api.w.org\/{rel}","templated":true}]}}