{"id":211,"date":"2020-10-15T18:56:28","date_gmt":"2020-10-15T17:56:28","guid":{"rendered":"http:\/\/www.fordingtons.co.uk\/?page_id=211"},"modified":"2020-11-12T22:05:58","modified_gmt":"2020-11-12T21:05:58","slug":"pagina-de-inicio-espanol","status":"publish","type":"page","link":"https:\/\/www.fordingtons.co.uk\/index.php\/pagina-de-inicio-espanol\/","title":{"rendered":"Pagina de inicio Espanol"},"content":{"rendered":"\n<figure class=\"wp-block-image size-large is-resized\"><img loading=\"lazy\" decoding=\"async\" src=\"http:\/\/www.fordingtons.co.uk\/wp-content\/uploads\/2020\/10\/Spanish-2.png\" alt=\"\" class=\"wp-image-221\" width=\"139\" height=\"139\" srcset=\"https:\/\/www.fordingtons.co.uk\/wp-content\/uploads\/2020\/10\/Spanish-2.png 800w, https:\/\/www.fordingtons.co.uk\/wp-content\/uploads\/2020\/10\/Spanish-2-300x300.png 300w, https:\/\/www.fordingtons.co.uk\/wp-content\/uploads\/2020\/10\/Spanish-2-150x150.png 150w, https:\/\/www.fordingtons.co.uk\/wp-content\/uploads\/2020\/10\/Spanish-2-768x768.png 768w\" sizes=\"auto, (max-width: 139px) 100vw, 139px\" \/><figcaption>Espa\u00f1ola<\/figcaption><\/figure>\n\n\n\n<p id=\"block-ea36444e-2456-46b9-828a-ca869ae1a2c1\"><strong>Bienvenido a Fordington&#8217;s<\/strong><sup>TM<\/sup> &#8211; el hogar de las insignias oficiales de grado de honor de Fordington<sup>TM<\/sup>.  Para graduados de todas las univeresidades reconocidas del mundo. El estandar internacional.<\/p>\n\n\n\n<figure class=\"wp-block-image\" id=\"block-ff7448d8-0527-473e-b0d0-762d6f3192b9\"><img decoding=\"async\" src=\"http:\/\/www.fordingtons.co.uk\/wp-content\/uploads\/2020\/10\/Congregation-1.jpg\" alt=\"This image has an empty alt attribute; its file name is Congregation-1.jpg\"\/><\/figure>\n\n\n\n<figure class=\"wp-block-image\" id=\"block-39ef2115-a4b5-4f61-94fb-4be1c4560ec8\"><img decoding=\"async\" src=\"http:\/\/www.fordingtons.co.uk\/wp-content\/uploads\/2019\/08\/insignia_sml.jpg\" alt=\"This image has an empty alt attribute; its file name is insignia_sml.jpg\"\/><figcaption><a href=\"https:\/\/www.ebay.co.uk\/itm\/Fordingtons-Special-graduation-period-price\/173969831632\"><\/a><\/figcaption><\/figure>\n\n\n\n<p>\u00bfHa renunciado a encontrar el regalo de graduaci\u00f3n perfecto? &#8211; Lo m\u00e1s probable es que desee dar un regalo de graduaci\u00f3n lleno de significado e importancia a alguien especial &#8211; Joya de grado de honor oficial de Fordington<sup>TM<\/sup> &#8211; Una apreciaci\u00f3n terminada a mano de los logros mejorados de un graduado a nivel de grado.<\/p>\n\n\n\n<figure class=\"wp-block-image is-resized\" id=\"block-969f83d2-5e09-42f6-89b2-53ab33aa6b6e\"><img loading=\"lazy\" decoding=\"async\" src=\"http:\/\/www.fordingtons.co.uk\/wp-content\/uploads\/2020\/10\/IMAG0007-Premium-3-open-with-mortar-board-1024x760.jpg\" alt=\"This image has an empty alt attribute; its file name is IMAG0007-Premium-3-open-with-mortar-board-1024x760.jpg\" width=\"509\" height=\"377\"\/><\/figure>\n\n\n\n<figure class=\"wp-block-image is-resized\" id=\"block-665954dd-9256-4b50-89ea-624b46da5e64\"><img loading=\"lazy\" decoding=\"async\" src=\"http:\/\/www.fordingtons.co.uk\/wp-content\/uploads\/2020\/10\/Astn-Academics-1-1024x718.jpg\" alt=\"This image has an empty alt attribute; its file name is Astn-Academics-1-1024x718.jpg\" width=\"372\" height=\"260\"\/><\/figure>\n\n\n\n<p>La tradici\u00f3n de que los t\u00edtulos se otorguen &#8216;con honores&#8217; se ha extendido estos d\u00edas m\u00e1s all\u00e1 del Reino Unido a muchas otras instituciones que otorgan t\u00edtulos en todo el mundo. Cualquier t\u00edtulo otorgado por encima de un Pase formal (como un t\u00edtulo de primera clase o un 2: 1 o 2: 2) tradicionalmente ha conferido honores.<\/p>\n\n\n\n<figure class=\"wp-block-image is-resized\" id=\"block-de5ad182-7e79-4e7e-82a0-20c91d694e86\"><img loading=\"lazy\" decoding=\"async\" src=\"http:\/\/www.fordingtons.co.uk\/wp-content\/uploads\/2020\/10\/QE-II.jpg\" alt=\"This image has an empty alt attribute; its file name is QE-II.jpg\" width=\"210\" height=\"157\"\/><\/figure>\n\n\n\n<p>En el Reino Unido y algunos otros reinos de la Commonwealth, las universidades obtienen sus poderes para otorgar t\u00edtulos y, con honores, de la Corona, a trav\u00e9s de sus Cartas Reales. En otros pa\u00edses, una autoridad similar se deriva de sus propias regulaciones legales. Hasta el d\u00eda de hoy, la Corona sigue siendo la Fuente de todos los honores dentro de los Reinos de Su Majestad la Reina Isabel II, por lo que la concesi\u00f3n de cualquier honor est\u00e1 t\u00e9cnicamente bajo la autoridad de la Corona.<\/p>\n\n\n\n<figure class=\"wp-block-image\" id=\"block-d45f868d-6e83-43ad-9896-f4b0a7a2f401\"><img decoding=\"async\" src=\"http:\/\/www.fordingtons.co.uk\/wp-content\/uploads\/2020\/10\/Cambridge-2.jpg\" alt=\"This image has an empty alt attribute; its file name is Cambridge-2.jpg\"\/><figcaption>Universidad de Cambridge <\/figcaption><\/figure>\n\n\n\n<p>La adquisci\u00f3n de una joya oficial de grado con honores de Fordington&#8217;s sigue esta tradici\u00f3n especial, que representa los niveles m\u00e1s altos de logros a nivel de posgrado.<\/p>\n\n\n\n<figure class=\"wp-block-image\" id=\"block-58a41141-1998-4068-a0d5-009a85c9c232\"><img decoding=\"async\" src=\"http:\/\/www.fordingtons.co.uk\/wp-content\/uploads\/2020\/10\/Yale-2.jpg\" alt=\"This image has an empty alt attribute; its file name is Yale-2.jpg\"\/><figcaption>Universidad de Yale <\/figcaption><\/figure>\n\n\n\n<p>Su joya de grado de honor seguir\u00e1 siendo suya durante toda la vida, incluso despu\u00e9s de que haya pasado el alquiler de la toga y birrete del d\u00eda de graduaci\u00f3n.<\/p>\n\n\n\n<p>Su joya de grado de honores se puede usar en futuras ocasiones formales cuando asista a eventos donde se solicite el uso de decoraciones, o incluso quiz\u00e1s durante su baile de graduaci\u00f3n. Sin embargo, lo m\u00e1s importante es que su joya de grado de honor tambi\u00e9n viene con un inserto de personalizaci\u00f3n y un estuche formal para fines de presentaci\u00f3n cuando no se usa. Por lo general, su estuche de presentaci\u00f3n con su joya de grado de honor en su interior se mostrar\u00e1 junto con su certificado de grado o fotograf\u00eda de graduaci\u00f3n.<\/p>\n\n\n\n<figure class=\"wp-block-image is-resized\" id=\"block-4f598ecc-2957-4b63-922a-37acbf888f3e\"><img loading=\"lazy\" decoding=\"async\" src=\"http:\/\/www.fordingtons.co.uk\/wp-content\/uploads\/2020\/10\/Colleage-on-display-650x1024.jpg\" alt=\"This image has an empty alt attribute; its file name is Colleage-on-display-650x1024.jpg\" width=\"241\" height=\"379\"\/><\/figure>\n","protected":false},"excerpt":{"rendered":"<p>Bienvenido a Fordington&#8217;sTM &#8211; el hogar de las insignias oficiales de grado de honor de [&hellip;]<\/p>\n","protected":false},"author":4,"featured_media":0,"parent":0,"menu_order":0,"comment_status":"closed","ping_status":"closed","template":"","meta":{"footnotes":""},"class_list":["post-211","page","type-page","status-publish","hentry"],"_links":{"self":[{"href":"https:\/\/www.fordingtons.co.uk\/index.php\/wp-json\/wp\/v2\/pages\/211","targetHints":{"allow":["GET"]}}],"collection":[{"href":"https:\/\/www.fordingtons.co.uk\/index.php\/wp-json\/wp\/v2\/pages"}],"about":[{"href":"https:\/\/www.fordingtons.co.uk\/index.php\/wp-json\/wp\/v2\/types\/page"}],"author":[{"embeddable":true,"href":"https:\/\/www.fordingtons.co.uk\/index.php\/wp-json\/wp\/v2\/users\/4"}],"replies":[{"embeddable":true,"href":"https:\/\/www.fordingtons.co.uk\/index.php\/wp-json\/wp\/v2\/comments?post=211"}],"version-history":[{"count":5,"href":"https:\/\/www.fordingtons.co.uk\/index.php\/wp-json\/wp\/v2\/pages\/211\/revisions"}],"predecessor-version":[{"id":249,"href":"https:\/\/www.fordingtons.co.uk\/index.php\/wp-json\/wp\/v2\/pages\/211\/revisions\/249"}],"wp:attachment":[{"href":"https:\/\/www.fordingtons.co.uk\/index.php\/wp-json\/wp\/v2\/media?parent=211"}],"curies":[{"name":"wp","href":"https:\/\/api.w.org\/{rel}","templated":true}]}}