{"id":214,"date":"2020-11-12T22:06:42","date_gmt":"2020-11-12T21:06:42","guid":{"rendered":"http:\/\/www.fordingtons.co.uk\/?page_id=214"},"modified":"2020-11-13T10:15:01","modified_gmt":"2020-11-13T09:15:01","slug":"productos-ingles-espanaol","status":"publish","type":"page","link":"https:\/\/www.fordingtons.co.uk\/index.php\/productos-ingles-espanaol\/","title":{"rendered":"Productos Ingles Espanaol"},"content":{"rendered":"\n<h1 class=\"wp-block-heading\">Productos Ingles<\/h1>\n\n\n\n<figure class=\"wp-block-image is-resized\"><img loading=\"lazy\" decoding=\"async\" src=\"http:\/\/www.fordingtons.co.uk\/wp-content\/uploads\/2020\/10\/IMG-20191011-WA0001-2-767x1024.jpg\" alt=\"\" class=\"wp-image-69\" width=\"400\" height=\"534\" srcset=\"https:\/\/www.fordingtons.co.uk\/wp-content\/uploads\/2020\/10\/IMG-20191011-WA0001-2-767x1024.jpg 767w, https:\/\/www.fordingtons.co.uk\/wp-content\/uploads\/2020\/10\/IMG-20191011-WA0001-2-225x300.jpg 225w, https:\/\/www.fordingtons.co.uk\/wp-content\/uploads\/2020\/10\/IMG-20191011-WA0001-2-768x1025.jpg 768w, https:\/\/www.fordingtons.co.uk\/wp-content\/uploads\/2020\/10\/IMG-20191011-WA0001-2.jpg 1102w\" sizes=\"auto, (max-width: 400px) 100vw, 400px\" \/><\/figure>\n\n\n\n<h2 class=\"wp-block-heading\">Descripci\u00f3n<\/h2>\n\n\n\n<p>La joya de grado de honor de Fordington<sup>TM<\/sup> es una medalla hermosa, pintada con esmalte de manera significativa.&nbsp;Con incrustaciones de una inscripci\u00f3n latina, cada joya describe el viaje de posgrado que culmin\u00f3 con haber obtenido un t\u00edtulo con la distinci\u00f3n de honores.<\/p>\n\n\n\n<p>El dise\u00f1o de la medalla Honours Jewel<sup>TM<\/sup> presenta una representaci\u00f3n de los puntos cardinales de una br\u00fajula, pintados en esmalte blanco, que simboliza la pureza del conocimiento y la b\u00fasqueda de la verdad.&nbsp;Los puntos de una br\u00fajula en s\u00ed mismos representan la capacidad del destinatario para navegar de manera independiente y decidida a trav\u00e9s de las opciones de vida y carrera, al graduarse de la universidad.&nbsp;Intercalados est\u00e1n los puntos de la br\u00fajula m\u00e1s peque\u00f1os de color rojo, que simbolizan la pasi\u00f3n, la energ\u00eda y el impulso.<\/p>\n\n\n\n<p>Entre todos los puntos hay una flor de lis dorada que representa la pureza, la humanidad y la devoci\u00f3n a la propia vocaci\u00f3n.&nbsp;El escudo de Fordington<sup>TM<\/sup> en el centro de la medalla da testimonio de la autenticidad y originalidad de la procedencia de la joya.&nbsp;Las inscripciones latinas se estilizan a\u00fan m\u00e1s con may\u00fasculas que representan la riqueza de las facultades a las que se refieren las insignias a nivel de grado, con una mayor delimitaci\u00f3n en la parte inferior que significa la concesi\u00f3n de honores en s\u00ed.<\/p>\n\n\n\n<figure class=\"wp-block-image\"><img loading=\"lazy\" decoding=\"async\" width=\"254\" height=\"153\" src=\"http:\/\/www.fordingtons.co.uk\/wp-content\/uploads\/2020\/10\/Oxford-2.jpg\" alt=\"\" class=\"wp-image-104\"\/><figcaption>Universidad de Oxford<\/figcaption><\/figure>\n\n\n\n<figure class=\"wp-block-image is-resized\"><img loading=\"lazy\" decoding=\"async\" src=\"http:\/\/www.fordingtons.co.uk\/wp-content\/uploads\/2020\/10\/Harvard-2-1024x515.jpg\" alt=\"\" class=\"wp-image-106\" width=\"292\" height=\"146\" srcset=\"https:\/\/www.fordingtons.co.uk\/wp-content\/uploads\/2020\/10\/Harvard-2-1024x515.jpg 1024w, https:\/\/www.fordingtons.co.uk\/wp-content\/uploads\/2020\/10\/Harvard-2-300x151.jpg 300w, https:\/\/www.fordingtons.co.uk\/wp-content\/uploads\/2020\/10\/Harvard-2-768x386.jpg 768w, https:\/\/www.fordingtons.co.uk\/wp-content\/uploads\/2020\/10\/Harvard-2.jpg 1116w\" sizes=\"auto, (max-width: 292px) 100vw, 292px\" \/><figcaption>Universidad Harvard<\/figcaption><\/figure>\n\n\n\n<p>La cinta de la joya representa los colores principales tradicionales que todav\u00eda utilizan a menudo las universidades m\u00e1s tradicionales.<\/p>\n\n\n\n<h2 class=\"wp-block-heading\">Elecci\u00f3n<\/h2>\n\n\n\n<p>Fordington<sup>TM<\/sup> ofrece una selecci\u00f3n de estuches de presentaci\u00f3n para la exhibici\u00f3n de la joya de insignia de grado de honor.&nbsp;El estuche de presentaci\u00f3n est\u00e1 dise\u00f1ado para exhibir su joya de grado de honor cuando no se est\u00e1 usando.&nbsp;Cada joya viene completa con una tarjeta de personalizaci\u00f3n y su elecci\u00f3n de estuche de presentaci\u00f3n.<\/p>\n\n\n\n<h2 class=\"wp-block-heading\">Las opciones de presentaci\u00f3n de su Fordington<sup>TM<\/sup>:<\/h2>\n\n\n\n<ol class=\"wp-block-list\"><li>B\u00e1sico \u00a3 15 (incluyendo p &amp; p)<\/li><li>Est\u00e1ndar \u00a3 20 (incluidos p &amp; p)<\/li><li>Premium \u00a3 28 (incluidos p &amp; p)<\/li><\/ol>\n\n\n\n<h2 class=\"wp-block-heading\">B\u00e1sico<\/h2>\n\n\n\n<figure class=\"wp-block-image is-resized\"><img loading=\"lazy\" decoding=\"async\" src=\"http:\/\/www.fordingtons.co.uk\/wp-content\/uploads\/2020\/10\/IMAG0123-Basic-Case-760x1024.jpg\" alt=\"\" class=\"wp-image-38\" width=\"268\" height=\"360\" srcset=\"https:\/\/www.fordingtons.co.uk\/wp-content\/uploads\/2020\/10\/IMAG0123-Basic-Case-760x1024.jpg 760w, https:\/\/www.fordingtons.co.uk\/wp-content\/uploads\/2020\/10\/IMAG0123-Basic-Case-223x300.jpg 223w, https:\/\/www.fordingtons.co.uk\/wp-content\/uploads\/2020\/10\/IMAG0123-Basic-Case-768x1035.jpg 768w, https:\/\/www.fordingtons.co.uk\/wp-content\/uploads\/2020\/10\/IMAG0123-Basic-Case-1140x1536.jpg 1140w, https:\/\/www.fordingtons.co.uk\/wp-content\/uploads\/2020\/10\/IMAG0123-Basic-Case.jpg 1218w\" sizes=\"auto, (max-width: 268px) 100vw, 268px\" \/><\/figure>\n\n\n\n<p>La versi\u00f3n b\u00e1sica es una caja de cart\u00f3n negra forrada con una almohadilla de terciopelo negro para que descanse la joya y la tarjeta de personalizaci\u00f3n dentro de la tapa.<\/p>\n\n\n\n<figure class=\"wp-block-image\"><a href=\"https:\/\/www.ebay.co.uk\/itm\/Fordingtons-Graduation-Gift-Degree-Honours-Jewel-Medal\/174480824799\"><img loading=\"lazy\" decoding=\"async\" width=\"95\" height=\"60\" src=\"http:\/\/www.fordingtons.co.uk\/wp-content\/uploads\/2020\/10\/Buy-Now-Basic-15-White.png\" alt=\"\" class=\"wp-image-122\"\/><\/a><\/figure>\n\n\n\n<h2 class=\"wp-block-heading\">Est\u00e1ndar<\/h2>\n\n\n\n<figure class=\"wp-block-image is-resized\"><img loading=\"lazy\" decoding=\"async\" src=\"http:\/\/www.fordingtons.co.uk\/wp-content\/uploads\/2020\/10\/IMAG0126-Standard-Case-760x1024.jpg\" alt=\"\" class=\"wp-image-39\" width=\"364\" height=\"490\" srcset=\"https:\/\/www.fordingtons.co.uk\/wp-content\/uploads\/2020\/10\/IMAG0126-Standard-Case-760x1024.jpg 760w, https:\/\/www.fordingtons.co.uk\/wp-content\/uploads\/2020\/10\/IMAG0126-Standard-Case-223x300.jpg 223w, https:\/\/www.fordingtons.co.uk\/wp-content\/uploads\/2020\/10\/IMAG0126-Standard-Case-768x1035.jpg 768w, https:\/\/www.fordingtons.co.uk\/wp-content\/uploads\/2020\/10\/IMAG0126-Standard-Case-1140x1536.jpg 1140w, https:\/\/www.fordingtons.co.uk\/wp-content\/uploads\/2020\/10\/IMAG0126-Standard-Case.jpg 1218w\" sizes=\"auto, (max-width: 364px) 100vw, 364px\" \/><\/figure>\n\n\n\n<p>El estuche de presentaci\u00f3n Standard es un estuche negro con un inserto de cuero sint\u00e9tico sobre el que se coloca la joya a la derecha y la tarjeta de personalizaci\u00f3n a la izquierda.<\/p>\n\n\n\n<figure class=\"wp-block-image\"><a href=\"https:\/\/www.ebay.co.uk\/itm\/Fordingtons-Graduation-Gift-Degree-Honours-Jewel-Medal\/174480837439\"><img loading=\"lazy\" decoding=\"async\" width=\"107\" height=\"60\" src=\"http:\/\/www.fordingtons.co.uk\/wp-content\/uploads\/2020\/10\/Buy-Now-Standard-20-White.png\" alt=\"\" class=\"wp-image-121\"\/><\/a><\/figure>\n\n\n\n<h2 class=\"wp-block-heading\">Prima<\/h2>\n\n\n\n<figure class=\"wp-block-image is-resized\"><img loading=\"lazy\" decoding=\"async\" src=\"http:\/\/www.fordingtons.co.uk\/wp-content\/uploads\/2020\/10\/IMAG0038-2-Premium-single-with-mortar-board-1-1024x890.jpg\" alt=\"\" class=\"wp-image-40\" width=\"513\" height=\"446\" srcset=\"https:\/\/www.fordingtons.co.uk\/wp-content\/uploads\/2020\/10\/IMAG0038-2-Premium-single-with-mortar-board-1-1024x890.jpg 1024w, https:\/\/www.fordingtons.co.uk\/wp-content\/uploads\/2020\/10\/IMAG0038-2-Premium-single-with-mortar-board-1-300x261.jpg 300w, https:\/\/www.fordingtons.co.uk\/wp-content\/uploads\/2020\/10\/IMAG0038-2-Premium-single-with-mortar-board-1-768x667.jpg 768w, https:\/\/www.fordingtons.co.uk\/wp-content\/uploads\/2020\/10\/IMAG0038-2-Premium-single-with-mortar-board-1.jpg 1517w\" sizes=\"auto, (max-width: 513px) 100vw, 513px\" \/><\/figure>\n\n\n\n<p>El estuche de presentaci\u00f3n Premium es un estuche de madera con cierre magn\u00e9tico oculto.&nbsp;Adem\u00e1s, est\u00e1 grabado en la portada con el texto de la insignia de honor de Fordington<sup>TM<\/sup>.&nbsp;El interior del estuche de presentaci\u00f3n Premium tiene incrustaciones de terciopelo rojo en ambas mitades, complementado con un borde de seda rojo y dos bandas de cruz roja que aseguran su tarjeta de personalizaci\u00f3n en relieve.<\/p>\n\n\n\n<figure class=\"wp-block-image\"><a href=\"https:\/\/www.ebay.co.uk\/itm\/Fordingtons-Honours-Degree-Graduation-Medal-\/173969831632\"><img loading=\"lazy\" decoding=\"async\" width=\"106\" height=\"60\" src=\"http:\/\/www.fordingtons.co.uk\/wp-content\/uploads\/2020\/10\/Buy-Now-Premium-28-white.png\" alt=\"\" class=\"wp-image-120\"\/><\/a><\/figure>\n\n\n\n<p>Las medallas Honours Jewel<sup>TM<\/sup> tambi\u00e9n pueden llevar un grabado para su propia personalizaci\u00f3n en el reverso.<\/p>\n\n\n\n<p>Esta es una joya muy especial, especialmente dise\u00f1ada, bellamente elaborada y cada una terminada individualmente a mano.&nbsp;La joya oficial de Fordington&#8217;s<sup>TM<\/sup> Honors es una mejora, llena de simbolismo y significado, que se mostrar\u00e1 junto con la concesi\u00f3n del certificado de t\u00edtulo universitario.<\/p>\n\n\n\n<figure class=\"wp-block-image is-resized\"><img loading=\"lazy\" decoding=\"async\" src=\"http:\/\/www.fordingtons.co.uk\/wp-content\/uploads\/2020\/10\/Recycling-S-ymbol.jpg\" alt=\"\" class=\"wp-image-124\" width=\"96\" height=\"78\" srcset=\"https:\/\/www.fordingtons.co.uk\/wp-content\/uploads\/2020\/10\/Recycling-S-ymbol.jpg 496w, https:\/\/www.fordingtons.co.uk\/wp-content\/uploads\/2020\/10\/Recycling-S-ymbol-300x244.jpg 300w\" sizes=\"auto, (max-width: 96px) 100vw, 96px\" \/><figcaption>Ayudando a cuidar nuestro planeta<\/figcaption><\/figure>\n\n\n\n<p>Independientemente de la versi\u00f3n que seleccione, puede estar seguro de que usamos la menor cantidad y los niveles m\u00e1s biodegradables de embalaje que podemos obtener para proteger el medio ambiente tanto ahora como para las generaciones futuras.<\/p>\n\n\n\n<figure class=\"wp-block-image is-resized\"><img loading=\"lazy\" decoding=\"async\" src=\"http:\/\/www.fordingtons.co.uk\/wp-content\/uploads\/2020\/10\/London-University-3.jpg\" alt=\"\" class=\"wp-image-116\" width=\"270\" height=\"171\" srcset=\"https:\/\/www.fordingtons.co.uk\/wp-content\/uploads\/2020\/10\/London-University-3.jpg 487w, https:\/\/www.fordingtons.co.uk\/wp-content\/uploads\/2020\/10\/London-University-3-300x190.jpg 300w\" sizes=\"auto, (max-width: 270px) 100vw, 270px\" \/><figcaption>Universidad de londres<\/figcaption><\/figure>\n\n\n\n<p>La joya del grado de honores de Fordington<sup>TM<\/sup> representa esta tradici\u00f3n hist\u00f3rica para cada graduado individual, felicitando y celebrando su otorgamiento de honores como parte de su t\u00edtulo, independientemente de la naci\u00f3n de la que sean y de la universidad en el mundo a la que hayan asistido, ya sea dentro de un reino o un rep\u00fablica.&nbsp;&#8211; La joya insignia oficial de Fordington<sup>TM<\/sup> representa el est\u00e1ndar internacional de mayor logro a nivel de grado.<\/p>\n\n\n\n<figure class=\"wp-block-image is-resized\"><img loading=\"lazy\" decoding=\"async\" src=\"http:\/\/www.fordingtons.co.uk\/wp-content\/uploads\/2020\/10\/IMG-20190719-WA0023-Female-collage-1-1-650x1024.jpg\" alt=\"\" class=\"wp-image-70\" width=\"176\" height=\"276\" srcset=\"https:\/\/www.fordingtons.co.uk\/wp-content\/uploads\/2020\/10\/IMG-20190719-WA0023-Female-collage-1-1-650x1024.jpg 650w, https:\/\/www.fordingtons.co.uk\/wp-content\/uploads\/2020\/10\/IMG-20190719-WA0023-Female-collage-1-1-768x1210.jpg 768w, https:\/\/www.fordingtons.co.uk\/wp-content\/uploads\/2020\/10\/IMG-20190719-WA0023-Female-collage-1-1.jpg 960w\" sizes=\"auto, (max-width: 176px) 100vw, 176px\" \/><\/figure>\n","protected":false},"excerpt":{"rendered":"<p>Productos Ingles Descripci\u00f3n La joya de grado de honor de FordingtonTM es una medalla hermosa, [&hellip;]<\/p>\n","protected":false},"author":4,"featured_media":0,"parent":0,"menu_order":0,"comment_status":"closed","ping_status":"closed","template":"","meta":{"footnotes":""},"class_list":["post-214","page","type-page","status-publish","hentry"],"_links":{"self":[{"href":"https:\/\/www.fordingtons.co.uk\/index.php\/wp-json\/wp\/v2\/pages\/214","targetHints":{"allow":["GET"]}}],"collection":[{"href":"https:\/\/www.fordingtons.co.uk\/index.php\/wp-json\/wp\/v2\/pages"}],"about":[{"href":"https:\/\/www.fordingtons.co.uk\/index.php\/wp-json\/wp\/v2\/types\/page"}],"author":[{"embeddable":true,"href":"https:\/\/www.fordingtons.co.uk\/index.php\/wp-json\/wp\/v2\/users\/4"}],"replies":[{"embeddable":true,"href":"https:\/\/www.fordingtons.co.uk\/index.php\/wp-json\/wp\/v2\/comments?post=214"}],"version-history":[{"count":6,"href":"https:\/\/www.fordingtons.co.uk\/index.php\/wp-json\/wp\/v2\/pages\/214\/revisions"}],"predecessor-version":[{"id":352,"href":"https:\/\/www.fordingtons.co.uk\/index.php\/wp-json\/wp\/v2\/pages\/214\/revisions\/352"}],"wp:attachment":[{"href":"https:\/\/www.fordingtons.co.uk\/index.php\/wp-json\/wp\/v2\/media?parent=214"}],"curies":[{"name":"wp","href":"https:\/\/api.w.org\/{rel}","templated":true}]}}