{"id":218,"date":"2020-11-12T22:03:34","date_gmt":"2020-11-12T21:03:34","guid":{"rendered":"http:\/\/www.fordingtons.co.uk\/?page_id=218"},"modified":"2020-11-12T22:03:34","modified_gmt":"2020-11-12T21:03:34","slug":"contactenos-espanol","status":"publish","type":"page","link":"https:\/\/www.fordingtons.co.uk\/index.php\/contactenos-espanol\/","title":{"rendered":"Cont\u00e1ctenos Espanol"},"content":{"rendered":"\n<h1 class=\"wp-block-heading\">Cont\u00e1ctenos <\/h1>\n\n\n\n<figure class=\"wp-block-image is-resized\"><img loading=\"lazy\" decoding=\"async\" src=\"http:\/\/www.fordingtons.co.uk\/wp-content\/uploads\/2020\/10\/IMAG0048-Premium-one-plus-two-closed-760x1024.jpg\" alt=\"\" class=\"wp-image-45\" width=\"323\" height=\"434\" srcset=\"https:\/\/www.fordingtons.co.uk\/wp-content\/uploads\/2020\/10\/IMAG0048-Premium-one-plus-two-closed-760x1024.jpg 760w, https:\/\/www.fordingtons.co.uk\/wp-content\/uploads\/2020\/10\/IMAG0048-Premium-one-plus-two-closed-223x300.jpg 223w, https:\/\/www.fordingtons.co.uk\/wp-content\/uploads\/2020\/10\/IMAG0048-Premium-one-plus-two-closed-768x1035.jpg 768w, https:\/\/www.fordingtons.co.uk\/wp-content\/uploads\/2020\/10\/IMAG0048-Premium-one-plus-two-closed-1140x1536.jpg 1140w, https:\/\/www.fordingtons.co.uk\/wp-content\/uploads\/2020\/10\/IMAG0048-Premium-one-plus-two-closed.jpg 1218w\" sizes=\"auto, (max-width: 323px) 100vw, 323px\" \/><\/figure>\n\n\n\n<p>Ya sea que ya se haya graduado o tal vez conozca a alguien especial que se graduar\u00e1 y tendr\u00e1 su t\u00edtulo con honores (m\u00e1s alto que un Pase ordinario a nivel de grado), celebre ese nivel de logro m\u00e1s fino y superior con la joya oficial de Fordington&#8217;s Honours Degree Insignia<sup>TM<\/sup>.<\/p>\n\n\n\n<p>Si est\u00e1 buscando dar un regalo de graduaci\u00f3n lleno de significado, una apreciaci\u00f3n del mejor logro de un graduado a nivel de grado, la joya de grado de honor de Fordington<sup>TM<\/sup>, terminada a mano individualmente, es el regalo perfecto y de calidad.<\/p>\n\n\n\n<p>Todas las consultas deben dirigirse a:<\/p>\n\n\n\n<p>Fordingtons@outlook.com<\/p>\n\n\n\n<p>Las compras se pueden realizar f\u00e1cilmente con Paypal a trav\u00e9s de este sitio web haciendo clic en el enlace &#8220;Comprar ahora&#8221; correspondiente.<\/p>\n\n\n\n<figure class=\"wp-block-image is-resized\"><img loading=\"lazy\" decoding=\"async\" src=\"http:\/\/www.fordingtons.co.uk\/wp-content\/uploads\/2020\/10\/IMG-20191110-WA0004-760x1024.jpg\" alt=\"\" class=\"wp-image-72\" width=\"358\" height=\"482\" srcset=\"https:\/\/www.fordingtons.co.uk\/wp-content\/uploads\/2020\/10\/IMG-20191110-WA0004-760x1024.jpg 760w, https:\/\/www.fordingtons.co.uk\/wp-content\/uploads\/2020\/10\/IMG-20191110-WA0004-223x300.jpg 223w, https:\/\/www.fordingtons.co.uk\/wp-content\/uploads\/2020\/10\/IMG-20191110-WA0004-768x1035.jpg 768w, https:\/\/www.fordingtons.co.uk\/wp-content\/uploads\/2020\/10\/IMG-20191110-WA0004-1140x1536.jpg 1140w, https:\/\/www.fordingtons.co.uk\/wp-content\/uploads\/2020\/10\/IMG-20191110-WA0004.jpg 1187w\" sizes=\"auto, (max-width: 358px) 100vw, 358px\" \/><\/figure>\n","protected":false},"excerpt":{"rendered":"<p>Cont\u00e1ctenos Ya sea que ya se haya graduado o tal vez conozca a alguien especial [&hellip;]<\/p>\n","protected":false},"author":4,"featured_media":0,"parent":0,"menu_order":0,"comment_status":"closed","ping_status":"closed","template":"","meta":{"footnotes":""},"class_list":["post-218","page","type-page","status-publish","hentry"],"_links":{"self":[{"href":"https:\/\/www.fordingtons.co.uk\/index.php\/wp-json\/wp\/v2\/pages\/218","targetHints":{"allow":["GET"]}}],"collection":[{"href":"https:\/\/www.fordingtons.co.uk\/index.php\/wp-json\/wp\/v2\/pages"}],"about":[{"href":"https:\/\/www.fordingtons.co.uk\/index.php\/wp-json\/wp\/v2\/types\/page"}],"author":[{"embeddable":true,"href":"https:\/\/www.fordingtons.co.uk\/index.php\/wp-json\/wp\/v2\/users\/4"}],"replies":[{"embeddable":true,"href":"https:\/\/www.fordingtons.co.uk\/index.php\/wp-json\/wp\/v2\/comments?post=218"}],"version-history":[{"count":4,"href":"https:\/\/www.fordingtons.co.uk\/index.php\/wp-json\/wp\/v2\/pages\/218\/revisions"}],"predecessor-version":[{"id":277,"href":"https:\/\/www.fordingtons.co.uk\/index.php\/wp-json\/wp\/v2\/pages\/218\/revisions\/277"}],"wp:attachment":[{"href":"https:\/\/www.fordingtons.co.uk\/index.php\/wp-json\/wp\/v2\/media?parent=218"}],"curies":[{"name":"wp","href":"https:\/\/api.w.org\/{rel}","templated":true}]}}